{"id":58,"date":"2024-07-04T20:08:52","date_gmt":"2024-07-04T20:08:52","guid":{"rendered":"https:\/\/hgconsultant.com\/?page_id=58"},"modified":"2024-08-09T10:37:12","modified_gmt":"2024-08-09T10:37:12","slug":"hakkimizda","status":"publish","type":"page","link":"https:\/\/hgconsultant.com\/en\/hakkimizda\/","title":{"rendered":"About us"},"content":{"rendered":"<div class=\"wp-block-group eplus-wrapper has-global-padding is-layout-constrained wp-block-group-is-layout-constrained\">\n<head>\n    <meta charset=\"UTF-8\">\n    <meta name=\"viewport\" content=\"width=device-width, initial-scale=1.0\">\n    <script src=\"..\/js\/jquery-3.6.0.min.js\"><\/script>\n    <script src=\"https:\/\/cdn.jsdelivr.net\/npm\/bootstrap@5.2.3\/dist\/js\/bootstrap.bundle.min.js\"><\/script>\n    <link rel=\"stylesheet\" href=\"https:\/\/cdn.jsdelivr.net\/npm\/bootstrap@5.2.3\/dist\/css\/bootstrap.min.css\" \/>\n    <script src=\"https:\/\/cdnjs.cloudflare.com\/ajax\/libs\/gsap\/3.11.4\/gsap.min.js\"><\/script>\n<\/head>\n<body>\n<header class=\"header\">\n    <div class=\"overlay\"><\/div>\n    <div class=\"header-content container\">\n        <h1 class=\"header-title\">\n            <span class=\"down\">ABOUT US<\/span>\n        <\/h1>\n    <\/div>              \n<\/header>\n\n<main>\n\t<section style=\"height:auto;\" class=\"pt-0\" id=\"about\">\n        <!-- container -->\n        <div class=\"container text-center\">\n            <!-- about wrapper -->\n            <div class=\"about\">\n                <div class=\"about-img-holder\">\n                    <img decoding=\"async\" src=\"https:\/\/hgconsultant.com\/images\/hg-logo3.png\" class=\"about-img\" alt=\"Hg Consultant Logo\">\n                <\/div>\n                <div class=\"about-caption\">\n                    <h2 class=\"section-title mb-3\">Who Are We?<\/h2>\n                    <p>We organize trade delegation programs and all business-related visits abroad for unions, Chambers of Commerce and Industry, other private sector representative institutions and associations, public institutions, and companies. <\/p>\n<p>Within the scope of trade delegation organizations, we arrange B2B meetings for the delegation and organize necessary visits to official\/private institutions and organizations.     \n                    <\/p>\n                <\/div>              \n            <\/div><!-- end of about wrapper -->\n        <\/div><!-- end of container -->\n    <\/section> <!-- end of about section -->\n\t<ul id=\"cards\">\n\t\t<li class=\"sticky-card\" id=\"card_2\">\n\t\t\t<div class=\"card__content\">\n\t\t\t\t<div class=\"card-text\">\n\t\t\t\t\t<p>The company's two main strategies are based on effectively bringing together sellers and buyers and organizing comprehensive events. The first strategy is to transport producers operating in various sectors in Turkey to their target markets, allowing them to meet buyers face-to-face. This method enables producers to present their products to the right target audience and establish new collaborations.<\/p>\n\t\t\t\t\t<!-- <p><a href=\"#top\" class=\"btn btn--accent\">Read more<\/a><\/p> -->\n\t\t\t\t<\/div>\n\t\t\t\t<figure>\n\t\t\t\t\t<img decoding=\"async\" src=\"https:\/\/hgconsultant.com\/images\/office-5.png\" alt=\"Organizasyon\">\n\t\t\t\t<\/figure>\n\t\t\t<\/div>\n\t\t<\/li>\n\t\t<li class=\"sticky-card\" id=\"card_3\">\n\t\t\t<div class=\"card__content\">\n\t\t\t\t<div class=\"card-text\">\n\t\t\t\t\t<p>The second strategy is to organize buying delegation events by bringing buyers from abroad to Turkey. This approach allows international buyers to get to know the Turkish market and products more closely and to make direct business agreements. HG Consulting plays an active role in every stage of these events, handling all document processes and incentive management for the participants.<\/p>\n\t\t\t\t\t<!-- <p><a href=\"#top\" class=\"btn btn--accent\">Read more<\/a><\/p> -->\n\t\t\t\t<\/div>\n\t\t\t\t<figure>\n\t\t\t\t\t<img decoding=\"async\" src=\"https:\/\/hgconsultant.com\/images\/office-2.png\" alt=\"Al\u0131m Heyeti\">\n\t\t\t\t<\/figure>\n\t\t\t<\/div>\n\t\t<\/li>\n\t\t<li class=\"sticky-card\" id=\"card_4\">\n\t\t\t<div class=\"card__content\">\n\t\t\t\t<div class=\"card-text\">\n\t\t\t\t\t<h2><\/h2>\n\t\t\t\t\t<p>Additionally, HG Consulting plays an active role in the exhibition sector, offering services such as national participation in fairs and buyer delegation activities. With its extensive knowledge and experience in establishing international relations on a sectoral and political basis, HG Consulting develops strategies that support local producers in becoming more effective and competitive in international markets. In this way, the company plays a significant role in increasing the export potential of the Turkish economy.\n\t\t\t\t\t\t<\/p>\n\t\t\t\t<\/div>\n\t\t\t\t<figure>\n\t\t\t\t\t<img decoding=\"async\" src=\"https:\/\/hgconsultant.com\/wp-content\/uploads\/2024\/08\/Ticaret-Heyeti-Networking-Isbirligi.webp\" alt=\"Fuarc\u0131l\u0131k\">\n\t\t\t\t<\/figure>\n\t\t\t<\/div>\n\t\t<\/li>\n\t<\/ul>\n<\/main>\n<style>\n\t\n.text-center {\n  text-align: center !important;\n}.mb-3,\n.my-3 {\n  margin-bottom: 1rem !important;\n}\n.container {\n  width: 100%;\n  padding-right: 15px;\n  padding-left: 15px;\n  margin-right: auto;\n  margin-left: auto;\n}\n\n@media (min-width: 576px) {\n  .container {\n    max-width: 540px;\n  }\n}\n\n@media (min-width: 768px) {\n  .container {\n    max-width: 720px;\n  }\n}\n\n@media (min-width: 992px) {\n  .container {\n    max-width: 960px;\n  }\n}\n\n@media (min-width: 1200px) {\n  .container {\n    max-width: 1140px;\n  }\n}\n.about {\n  display: -webkit-box;\n  display: -ms-flexbox;\n  display: -webkit-flex;\n  display: flex;\n  -webkit-box-align: center;\n  -webkit-align-items: center;\n      -ms-flex-align: center;\n          align-items: center;\n  text-align: left;\n}\n\n.about-img-holder {\n  min-width: 400px;\n  max-width: 400px;\n  margin-right: 20px;\n}\n\n.about-img-holder .about-img {\n  width: 100%;\n  margin-bottom: 15px;\n}\n\n.about-caption {\n  -webkit-box-flex: 1;\n  -webkit-flex-grow: 1;\n      -ms-flex-positive: 1;\n          flex-grow: 1;\n}\n\n@media (max-width: 767.98px) {\n  .about {\n    -webkit-box-orient: vertical;\n    -webkit-box-direction: normal;\n    -webkit-flex-direction: column;\n        -ms-flex-direction: column;\n            flex-direction: column;\n    text-align: center;\n  }\n  .about-img-holder {\n    max-width: 220px;\n    min-width: 100%;\n    width: 100%;\n    margin: auto;\n    margin-bottom: 20px;\n  }\n}\n\n\/* sections *\/\n.section {\n  padding: 70px 10px;\n}\n\n.section .section-title {\n  font-size: calc(20px + (35 - 20) * ((100vw - 300px) \/ (1300 - 300)));\n}\n\n.section .section-subtitle {\n  margin-bottom: 6px;\n  font-weight: 400;\n  opacity: .6;\n}\n\n.section-sm {\n  padding: 40px 0 !important;\n}\n\n.section-md {\n  padding: 60px 0 !important;\n}\n\n.section-lg {\n  padding: 100px 0 !important;\n} \n  .title {\n\ttext-align: center;\n\tfont-size: 2rem;\n\tmargin-bottom: 20px;\n\tcolor: #1a202c;\n  }\n  \n  .label {\n\tcolor: rgb(0, 0, 0);\n\tmargin-bottom: 4px;\n  }\n  \n  .input {\n\tpadding: 10px;\n\tmargin-bottom: 20px;\n\twidth: 100%;\n\tfont-size: 1rem;\n\tcolor: #4a5568;\n\toutline: none;\n\tborder: 1px solid transparent;\n\tborder-radius: 4px;\n\ttransition: all 0.2s ease-in-out;\n  }\n  \n  .input:focus {\n\tbackground-color: #fff;\n\tbox-shadow: 0 0 0 2px #cbd5e0;\n  }\n  \n  .input:valid {\n\tborder: 1px solid green;\n  }\n  \n  .input:invalid {\n\tborder: 1px solid rgba(14, 14, 14, 0.205);\n  }\n  \n  .submit {\n\tbackground-color: #1a202c;\n\tcolor: #fff;\n\tborder: none;\n\tborder-radius: 4px;\n\tpadding: 10px 20px;\n\tfont-size: 1.2rem;\n\tcursor: pointer;\n\ttransition: all 0.2s ease-in-out;\n  }\n\t  \n\t  \n\t  .button {\n\t--color: #e28000;\n\tpadding: 0.8em 1.7em;\n\tbackground-color: transparent;\n\tborder-radius: .3em;\n\tposition: relative;\n\toverflow: hidden;\n\tcursor: pointer;\n\ttransition: .5s;\n\tfont-weight: 400;\n\tfont-size: 17px;\n\tborder: 1px solid;\n\tfont-family: inherit;\n\ttext-transform: uppercase;\n\tcolor: var(--color);\n\tz-index: 1;\n   }\n   \n   .button::before, .button::after {\n\tcontent: '';\n\tdisplay: block;\n\twidth: 50px;\n\theight: 50px;\n\ttransform: translate(-50%, -50%);\n\tposition: absolute;\n\tborder-radius: 50%;\n\tz-index: -1;\n\tbackground-color: var(--color);\n\ttransition: 1s ease;\n   }\n   \n   .button::before {\n\ttop: -1em;\n\tleft: -1em;\n   }\n   \n   .button::after {\n\tleft: calc(100% + 1em);\n\ttop: calc(100% + 1em);\n   }\n   \n   .button:hover::before, .button:hover::after {\n\theight: 410px;\n\twidth: 410px;\n   }\n   \n   .button:hover {\n\tcolor: rgb(10, 25, 30);\n   }\n   \n   .button:active {\n\tfilter: brightness(.8);\n   }\n   \n.social-link{margin-top: 20px;}\na {text-decoration: none;}\n\t.social-part {\n\t\tdisplay: flex;\n\t\tflex-direction: column;\n\t\talign-items: center;\n\t}\n\t.contact-part {\n\t\t\/* margin: 50px 0 50px 0; *\/\n\t\t\tdisplay: flex;\n\t\tflex-direction: column;\n\t\talign-items: center;\n\t}\n\t\nfooter {\n\tmin-height: 50vh;\n\tbackground-color: #f2f2f2;\n\tpadding: 20px;\n\ttext-align: center;\n  }\n  \n  .footer-container {\n\tpadding-top: 50px;\n    min-height: 40vh;\n    display: flex;\n    justify-content:center;\n    align-items: center;\n    flex-wrap: wrap;\n    align-items: center;\n  }\n  \n  .footer-left,.footer-mid,\n  .footer-right {\n\twidth: 20%;\n  }\n  \n  .footer-left img {\n\twidth: 250px;\n\tdisplay: block;\n\tmargin-bottom: 10px;\n  }\n  .footer-left{\n\tdisplay: flex;\n    flex-direction: column;\n    justify-content: space-evenly;\n    flex-wrap: wrap;}\n\t.footer-mid {\n    display: flex;\n    flex-direction: column;\n    justify-content: space-evenly;\n\t}\n  .footer-mid ul {\n\tdisplay: flex;\n    list-style: none;\n    padding: 0;\n    margin: 0;\n    flex-direction: column;\n    align-content: center;\n    justify-content: center;\n  }\n  \n  .footer-left li {\n\tdisplay: inline-block;\n\tmargin-right: 20px;\n  }\n  \n  a {\n\ttext-decoration: none;\n\tcolor: #333;\n  }\n  \n  .footer-right form {\n\tdisplay: flex;\n\tflex-direction: column;\n\talign-items: center;\n  }\n  .footer-right{display: flex;align-items: center; justify-content: center;}\n  .footer-right label {\n\tfont-size: large;\n\tmargin-bottom: 5px;\n\tfont-weight: bold;\n  }\n  \n  .footer-right button[type=\"submit\"] {\n\tbackground-color: #333;\n\tcolor: #fff;\n\tpadding: 10px 20px;\n\tborder: none;\n\tcursor: pointer;\n  }\n  \n  .copyright {\n\tmargin-top: 10px;\n\tfont-size: 12px;\n\tcolor: #999;\n  }\n  \n  \/* Responsive Adjustments (optional) *\/\n  \n  @media screen and (max-width: 768px) {\n\t.footer-left,\n\t.footer-right {\n\t  width: 100%;\n\t}\n  \n\t.footer-left img {\n\t  margin-bottom: 20px;\n\t}\n  }\n  \n    .header {\n      position: relative;\n      height: 90vh;\n      min-height: 600px;\n      display: -webkit-box;\n      display: -ms-flexbox;\n      display: -webkit-flex;\n      display: flex;\n      -webkit-box-align: center;\n      -webkit-align-items: center;\n          -ms-flex-align: center;\n              align-items: center;\n      -webkit-box-pack: center;\n      -webkit-justify-content: center;\n          -ms-flex-pack: center;\n              justify-content: center;\n      background-image: url(https:\/\/hgconsultant.com\/images\/header.jpg);\n      background-size: cover;\n      background-repeat: no-repeat;\n      background-position: center center;\n    }\n    \n    .header .overlay {\n      position: absolute;\n      top: 0;\n      left: 0;\n      width: 100%;\n      height: 100%;\n      background-image: -webkit-linear-gradient(bottom, #fff 0%, rgba(105, 90, 166, 0.35) 99%, rgba(105, 90, 166, 0.5) 100%);\n      background-image: linear-gradient(to top, #fff 0%, rgba(105, 90, 166, 0.35) 99%, rgba(105, 90, 166, 0.5) 100%);\n    }\n    \n    .header .header-content {\n      -webkit-box-flex: 1;\n      -webkit-flex-grow: 1;\n          -ms-flex-positive: 1;\n              flex-grow: 1;\n    }\n    \n    .header .header-content .header-title .up {\n      font-size: calc(30px + (60 - 30) * ((100vw - 300px) \/ (1300 - 300)));\n      font-weight: 500;\n      color: #444;\n      margin-bottom: 5px;\n      position: relative;\n      display: block;\n    }\n    \n    .header .header-content .header-title .down {\n    text-align: center;\n      font-size: calc(30px + (75 - 30) * ((100vw - 300px) \/ (1300 - 300)));\n      margin-bottom: 0;\n      position: relative;\n      display: block;\n    }\n    \n    .header .header-content .header-subtitle {\n      font-size: calc(10px + (22 - 10) * ((100vw - 300px) \/ (1300 - 300)));\n      letter-spacing: calc(1px + (7 - 1) * ((100vw - 300px) \/ (1300 - 300)));\n      opacity: .8;\n      margin-top: -10px;\n      margin-bottom: 20px;\n    }\n    \n    .header .header-content .btn {\n      position: relative;\n      margin-top: 20px;\n      border-radius: 20px;\n      padding: 8px 15px;\n    }\n    \n    .header-title {\n      font-size: 2.4rem;\n      font-weight: bold;\n      opacity: .8;\n      color: #212529;\n    }\n    \n    .header-mini {\n      min-height: 24rem;\n      height: 24rem;\n      display: -webkit-box;\n      display: -webkit-flex;\n      display: -ms-flexbox;\n      display: flex;\n      -webkit-box-orient: vertical;\n      -webkit-box-direction: normal;\n      -webkit-flex-direction: column;\n          -ms-flex-direction: column;\n              flex-direction: column;\n      -webkit-box-align: center;\n      -webkit-align-items: center;\n          -ms-flex-align: center;\n              align-items: center;\n      -webkit-box-pack: center;\n      -webkit-justify-content: center;\n          -ms-flex-pack: center;\n              justify-content: center;\n      text-align: center;\n      padding: 1rem;\n      background: #a59cca;\n    }\n    \n    @media (max-width: 991.98px) {\n      .header {\n        background-size: cover;\n      }\n    }\n:root {\n\t--card-height: 60vh;\n\t--card-margin: 4vw;\n\t--card-top-offset: 1em;\n\t--numcards: 3;\n\t--outline-width: 0px;\n}\n\n#cards {\n\tpadding-bottom: calc(var(--numcards) * var(--card-top-offset)); \/* Make place at bottom, as items will slide to that position*\/\n\tmargin-bottom: var(--card-margin); \/* Don't include the --card-margin in padding, as that will affect the scroll-timeline*\/\n}\n\n#card_1 {\n\t--index: 1;\n}\n\n#card_2 {\n\t--index: 2;\n}\n\n#card_3 {\n\t--index: 3;\n}\n\n#card_4 {\n\t--index: 4;\n}\n\n.sticky-card {display: flex;\n    justify-content: center;\n\tposition: sticky;\n\ttop: 0;\n\tpadding-top: calc(var(--index) * var(--card-top-offset));\n}\n\n@supports (animation-timeline: works) {\n\n\t@scroll-timeline cards-element-scrolls-in-body {\n\t\tsource: selector(body);\n\t\tscroll-offsets:\n\t\t\t\/* Start when the start edge touches the top of the scrollport *\/\n\t\t\tselector(#cards) start 1,\n\t\t\t\/* End when the start edge touches the start of the scrollport *\/\n\t\t\tselector(#cards) start 0\n\t\t;\n\t\tstart: selector(#cards) start 1; \/* Start when the start edge touches the top of the scrollport *\/\n\t\tend: selector(#cards) start 0; \/* End when the start edge touches the start of the scrollport *\/\n\t\ttime-range: 4s;\n\t}\n\n\t.sticky-card{\n\t\t--index0: calc(var(--index) - 1); \/* 0-based index *\/\n\t\t--reverse-index: calc(var(--numcards) - var(--index0)); \/* reverse index *\/\n\t\t--reverse-index0: calc(var(--reverse-index) - 1); \/* 0-based reverse index *\/\n\t}\n\t\n\t.card__content {\n\t\ttransform-origin: 50% 0%;\n\t\twill-change: transform;\n\n\t\t--duration: calc(var(--reverse-index0) * 1s);\n\t\t--delay: calc(var(--index0) * 1s);\n\n\t\tanimation: var(--duration) linear scale var(--delay) forwards;\n\t\tanimation-timeline: cards-element-scrolls-in-body;\n\t}\n\n\t@keyframes scale {\n\t\tto {\n\t\t\ttransform:\n\t\t\t\tscale(calc(\n\t\t\t\t\t1.1\n\t\t\t\t\t-\n\t\t\t\t\tcalc(0.1 * var(--reverse-index))\n\t\t\t\t));\n\t\t}\n\t}\n}\n\n\n* {\n\tbox-sizing: border-box;\n\tmargin: 0;\n\tpadding: 0;\n}\n\nbody {\n    font-family: \"Poppins\",sans-serif;\n\t\/*font-size: calc(1em + 0.5vw);*\/\n    max-width: 100vw;overflow-x:hidden ;\n}\n\nheader,\nmain {\n\twidth: 100vw;\n\tmargin: 0 auto;\n}\n\nheader {\n\theight: 100vh;\n\tdisplay: grid;\n\tplace-items: center;\n}\n\n#cards {\n\tlist-style: none;\n\toutline: calc(var(--outline-width) * 10) solid blue;\n\t\n\tdisplay: grid;\n\tgrid-template-columns: 1fr;\n\tgrid-template-rows: repeat(var(--numcards), var(--card-height));\n\tgap: var(--card-margin);\n}\n\n.sticky-card {\n\toutline: var(--outline-width) solid hotpink;\n}\n@media screen and (max-width: 768px) {\n    .card__content {\n\tgrid-template-areas: \"text\" \"img\" !important;\n\tgrid-template-columns: auto !important;\n\tgrid-template-rows: 1fr 1fr !important;\n    transition: all 0.2s ease-in-out;\n}\n    \n}\n.card-text{padding-top:20px;}\n.card__content {\n    width: 80vw;\n\tmin-height: 50vh;\n\t    box-shadow: 0px 14px 80px rgba(34, 35, 58, 0.2);\n    background: #ffffff;\n\tcolor: rgb(10, 5, 7);\n\tborder-radius: 1em;\n\toverflow: hidden;\n\tdisplay: grid;\n\tgrid-template-areas: \"text img\";\n\tgrid-template-columns: 2fr 1fr;\n\tgrid-template-rows: auto;\n\n\talign-items: stretch;\n\toutline: var(--outline-width) solid lime;\n}\n\n.card__content > div {\n\tgrid-area: text;\n\twidth: 90%;\n\tplace-self: center;\n\ttext-align: left;\n\n\tdisplay: grid;\n\tgap: 1em;\n\tplace-items: start;\n}\n\n.card__content > figure {\n\tgrid-area: img;\n\toverflow: hidden;\n}\n\n.card__content > figure > img {\n\twidth: 100%;\n\theight: 100%;\n\tobject-fit: cover;\n}\n\np {\n\tfont-size: 17px;\n\tfont-family: \"Poppins\",sans-serif;\n\t\n\tline-height: 1.42;\n}\n@media screen and (max-width: 768px) {\n\tp{font-size: 14px;}\n}\n\t\n.btn {\n\tbackground: rgb(188 87 36);\n\tcolor: rgb(255 255 255);\n\ttext-decoration: none;\n\tdisplay: inline-block;\n\tpadding: 0.5em;\n\tborder-radius: 0.25em;\n}\n\naside {\n\twidth: 60vw;\n\tmargin: 0 auto;\n\ttext-align: left;\n}\n\naside p {\n\tmargin-bottom: 1em;\n}<\/style>\n<\/body>\n<\/div>","protected":false},"excerpt":{"rendered":"<p>HAKKIMIZDA Biz Kimiz? Birliklerin, Ticaret ve Sanayi Odalar\u0131n\u0131n, di\u011fer \u00f6zel sekt\u00f6r temsilcisi kurum ve derneklerin, kamu kurumlar\u0131n\u0131n ve firmalar\u0131n yurtd\u0131\u015f\u0131na yapacaklar\u0131 ticaret heyeti programlar\u0131 ile i\u015f ama\u00e7l\u0131 t\u00fcm ziyaretler organize edilmektedir. Ticaret heyeti organizasyonlar\u0131 kapsam\u0131nda heyet B2B g\u00f6r\u00fc\u015fmeleri ve gerekli resmi\/\u00f6zel kurum kuru\u015f ziyaretleri organize edilmektedir Firman\u0131n iki ana stratejisi, sat\u0131c\u0131lar ile al\u0131c\u0131lar\u0131 etkin bir [&hellip;]<\/p>","protected":false},"author":1,"featured_media":0,"parent":0,"menu_order":0,"comment_status":"closed","ping_status":"closed","template":"sayfalar2","meta":{"editor_plus_copied_stylings":"{}","footnotes":""},"class_list":["post-58","page","type-page","status-publish","hentry"],"yoast_head":"<!-- This site is optimized with the Yoast SEO plugin v23.0 - https:\/\/yoast.com\/wordpress\/plugins\/seo\/ -->\n<title>Hakk\u0131m\u0131zda - HG Consultant<\/title>\n<meta name=\"description\" content=\"HG Consulting, sekt\u00f6rel ve siyasi bazda uluslararas\u0131 ili\u015fkiler kurma konusundaki kapsaml\u0131 bilgi ve deneyimi sayesinde...\" \/>\n<meta name=\"robots\" content=\"index, follow, max-snippet:-1, max-image-preview:large, max-video-preview:-1\" \/>\n<link rel=\"canonical\" href=\"https:\/\/hgconsultant.com\/en\/hakkimizda\/\" \/>\n<meta property=\"og:locale\" content=\"en_US\" \/>\n<meta property=\"og:type\" content=\"article\" \/>\n<meta property=\"og:title\" content=\"Hakk\u0131m\u0131zda - HG Consultant\" \/>\n<meta property=\"og:description\" content=\"HG Consulting, sekt\u00f6rel ve siyasi bazda uluslararas\u0131 ili\u015fkiler kurma konusundaki kapsaml\u0131 bilgi ve deneyimi sayesinde...\" \/>\n<meta property=\"og:url\" content=\"https:\/\/hgconsultant.com\/en\/hakkimizda\/\" \/>\n<meta property=\"og:site_name\" content=\"HG Consultant\" \/>\n<meta property=\"article:modified_time\" content=\"2024-08-09T10:37:12+00:00\" \/>\n<meta property=\"og:image\" content=\"https:\/\/hgconsultant.com\/images\/hg-logo3.png\" \/>\n<meta name=\"twitter:card\" content=\"summary_large_image\" \/>\n<meta name=\"twitter:label1\" content=\"Est. reading time\" \/>\n\t<meta name=\"twitter:data1\" content=\"3 minutes\" \/>\n<script type=\"application\/ld+json\" class=\"yoast-schema-graph\">{\"@context\":\"https:\/\/schema.org\",\"@graph\":[{\"@type\":\"WebPage\",\"@id\":\"https:\/\/hgconsultant.com\/hakkimizda\/\",\"url\":\"https:\/\/hgconsultant.com\/hakkimizda\/\",\"name\":\"Hakk\u0131m\u0131zda - HG Consultant\",\"isPartOf\":{\"@id\":\"https:\/\/hgconsultant.com\/#website\"},\"primaryImageOfPage\":{\"@id\":\"https:\/\/hgconsultant.com\/hakkimizda\/#primaryimage\"},\"image\":{\"@id\":\"https:\/\/hgconsultant.com\/hakkimizda\/#primaryimage\"},\"thumbnailUrl\":\"https:\/\/hgconsultant.com\/images\/hg-logo3.png\",\"datePublished\":\"2024-07-04T20:08:52+00:00\",\"dateModified\":\"2024-08-09T10:37:12+00:00\",\"description\":\"HG Consulting, sekt\u00f6rel ve siyasi bazda uluslararas\u0131 ili\u015fkiler kurma konusundaki kapsaml\u0131 bilgi ve deneyimi sayesinde...\",\"breadcrumb\":{\"@id\":\"https:\/\/hgconsultant.com\/hakkimizda\/#breadcrumb\"},\"inLanguage\":\"en-US\",\"potentialAction\":[{\"@type\":\"ReadAction\",\"target\":[\"https:\/\/hgconsultant.com\/hakkimizda\/\"]}]},{\"@type\":\"ImageObject\",\"inLanguage\":\"en-US\",\"@id\":\"https:\/\/hgconsultant.com\/hakkimizda\/#primaryimage\",\"url\":\"https:\/\/hgconsultant.com\/images\/hg-logo3.png\",\"contentUrl\":\"https:\/\/hgconsultant.com\/images\/hg-logo3.png\"},{\"@type\":\"BreadcrumbList\",\"@id\":\"https:\/\/hgconsultant.com\/hakkimizda\/#breadcrumb\",\"itemListElement\":[{\"@type\":\"ListItem\",\"position\":1,\"name\":\"Anasayfa\",\"item\":\"https:\/\/hgconsultant.com\/\"},{\"@type\":\"ListItem\",\"position\":2,\"name\":\"Hakk\u0131m\u0131zda\"}]},{\"@type\":\"WebSite\",\"@id\":\"https:\/\/hgconsultant.com\/#website\",\"url\":\"https:\/\/hgconsultant.com\/\",\"name\":\"HG Consultant\",\"description\":\"HG Consulting\",\"publisher\":{\"@id\":\"https:\/\/hgconsultant.com\/#organization\"},\"potentialAction\":[{\"@type\":\"SearchAction\",\"target\":{\"@type\":\"EntryPoint\",\"urlTemplate\":\"https:\/\/hgconsultant.com\/?s={search_term_string}\"},\"query-input\":\"required name=search_term_string\"}],\"inLanguage\":\"en-US\"},{\"@type\":\"Organization\",\"@id\":\"https:\/\/hgconsultant.com\/#organization\",\"name\":\"HG Consultant\",\"url\":\"https:\/\/hgconsultant.com\/\",\"logo\":{\"@type\":\"ImageObject\",\"inLanguage\":\"en-US\",\"@id\":\"https:\/\/hgconsultant.com\/#\/schema\/logo\/image\/\",\"url\":\"https:\/\/hgconsultant.com\/wp-content\/uploads\/2024\/07\/cropped-hg-logo.png\",\"contentUrl\":\"https:\/\/hgconsultant.com\/wp-content\/uploads\/2024\/07\/cropped-hg-logo.png\",\"width\":512,\"height\":512,\"caption\":\"HG Consultant\"},\"image\":{\"@id\":\"https:\/\/hgconsultant.com\/#\/schema\/logo\/image\/\"}}]}<\/script>\n<!-- \/ Yoast SEO plugin. -->","yoast_head_json":{"title":"Hakk\u0131m\u0131zda - HG Consultant","description":"HG Consulting, sekt\u00f6rel ve siyasi bazda uluslararas\u0131 ili\u015fkiler kurma konusundaki kapsaml\u0131 bilgi ve deneyimi sayesinde...","robots":{"index":"index","follow":"follow","max-snippet":"max-snippet:-1","max-image-preview":"max-image-preview:large","max-video-preview":"max-video-preview:-1"},"canonical":"https:\/\/hgconsultant.com\/en\/hakkimizda\/","og_locale":"en_US","og_type":"article","og_title":"Hakk\u0131m\u0131zda - HG Consultant","og_description":"HG Consulting, sekt\u00f6rel ve siyasi bazda uluslararas\u0131 ili\u015fkiler kurma konusundaki kapsaml\u0131 bilgi ve deneyimi sayesinde...","og_url":"https:\/\/hgconsultant.com\/en\/hakkimizda\/","og_site_name":"HG Consultant","article_modified_time":"2024-08-09T10:37:12+00:00","og_image":[{"url":"https:\/\/hgconsultant.com\/images\/hg-logo3.png"}],"twitter_card":"summary_large_image","twitter_misc":{"Est. reading time":"3 minutes"},"schema":{"@context":"https:\/\/schema.org","@graph":[{"@type":"WebPage","@id":"https:\/\/hgconsultant.com\/hakkimizda\/","url":"https:\/\/hgconsultant.com\/hakkimizda\/","name":"Hakk\u0131m\u0131zda - HG Consultant","isPartOf":{"@id":"https:\/\/hgconsultant.com\/#website"},"primaryImageOfPage":{"@id":"https:\/\/hgconsultant.com\/hakkimizda\/#primaryimage"},"image":{"@id":"https:\/\/hgconsultant.com\/hakkimizda\/#primaryimage"},"thumbnailUrl":"https:\/\/hgconsultant.com\/images\/hg-logo3.png","datePublished":"2024-07-04T20:08:52+00:00","dateModified":"2024-08-09T10:37:12+00:00","description":"HG Consulting, sekt\u00f6rel ve siyasi bazda uluslararas\u0131 ili\u015fkiler kurma konusundaki kapsaml\u0131 bilgi ve deneyimi sayesinde...","breadcrumb":{"@id":"https:\/\/hgconsultant.com\/hakkimizda\/#breadcrumb"},"inLanguage":"en-US","potentialAction":[{"@type":"ReadAction","target":["https:\/\/hgconsultant.com\/hakkimizda\/"]}]},{"@type":"ImageObject","inLanguage":"en-US","@id":"https:\/\/hgconsultant.com\/hakkimizda\/#primaryimage","url":"https:\/\/hgconsultant.com\/images\/hg-logo3.png","contentUrl":"https:\/\/hgconsultant.com\/images\/hg-logo3.png"},{"@type":"BreadcrumbList","@id":"https:\/\/hgconsultant.com\/hakkimizda\/#breadcrumb","itemListElement":[{"@type":"ListItem","position":1,"name":"Anasayfa","item":"https:\/\/hgconsultant.com\/"},{"@type":"ListItem","position":2,"name":"Hakk\u0131m\u0131zda"}]},{"@type":"WebSite","@id":"https:\/\/hgconsultant.com\/#website","url":"https:\/\/hgconsultant.com\/","name":"HG Consultant","description":"HG Consulting","publisher":{"@id":"https:\/\/hgconsultant.com\/#organization"},"potentialAction":[{"@type":"SearchAction","target":{"@type":"EntryPoint","urlTemplate":"https:\/\/hgconsultant.com\/?s={search_term_string}"},"query-input":"required name=search_term_string"}],"inLanguage":"en-US"},{"@type":"Organization","@id":"https:\/\/hgconsultant.com\/#organization","name":"HG Consultant","url":"https:\/\/hgconsultant.com\/","logo":{"@type":"ImageObject","inLanguage":"en-US","@id":"https:\/\/hgconsultant.com\/#\/schema\/logo\/image\/","url":"https:\/\/hgconsultant.com\/wp-content\/uploads\/2024\/07\/cropped-hg-logo.png","contentUrl":"https:\/\/hgconsultant.com\/wp-content\/uploads\/2024\/07\/cropped-hg-logo.png","width":512,"height":512,"caption":"HG Consultant"},"image":{"@id":"https:\/\/hgconsultant.com\/#\/schema\/logo\/image\/"}}]}},"jetpack_sharing_enabled":true,"_links":{"self":[{"href":"https:\/\/hgconsultant.com\/en\/wp-json\/wp\/v2\/pages\/58","targetHints":{"allow":["GET"]}}],"collection":[{"href":"https:\/\/hgconsultant.com\/en\/wp-json\/wp\/v2\/pages"}],"about":[{"href":"https:\/\/hgconsultant.com\/en\/wp-json\/wp\/v2\/types\/page"}],"author":[{"embeddable":true,"href":"https:\/\/hgconsultant.com\/en\/wp-json\/wp\/v2\/users\/1"}],"replies":[{"embeddable":true,"href":"https:\/\/hgconsultant.com\/en\/wp-json\/wp\/v2\/comments?post=58"}],"version-history":[{"count":51,"href":"https:\/\/hgconsultant.com\/en\/wp-json\/wp\/v2\/pages\/58\/revisions"}],"predecessor-version":[{"id":575,"href":"https:\/\/hgconsultant.com\/en\/wp-json\/wp\/v2\/pages\/58\/revisions\/575"}],"wp:attachment":[{"href":"https:\/\/hgconsultant.com\/en\/wp-json\/wp\/v2\/media?parent=58"}],"curies":[{"name":"wp","href":"https:\/\/api.w.org\/{rel}","templated":true}]}}