{"id":505,"date":"2024-07-23T14:01:52","date_gmt":"2024-07-23T14:01:52","guid":{"rendered":"https:\/\/hgconsultant.com\/?page_id=505"},"modified":"2024-08-09T10:29:57","modified_gmt":"2024-08-09T10:29:57","slug":"faaliyetlerimiz","status":"publish","type":"page","link":"https:\/\/hgconsultant.com\/en\/faaliyetlerimiz\/","title":{"rendered":"Activities"},"content":{"rendered":"<div class=\"wp-block-group eplus-wrapper has-global-padding is-layout-constrained wp-block-group-is-layout-constrained\">\n<head>\n\t<script src=\"https:\/\/cdnjs.cloudflare.com\/ajax\/libs\/Swiper\/8.4.5\/swiper-bundle.min.js\"><\/script>\n\t<link rel='stylesheet'href='https:\/\/cdn.jsdelivr.net\/npm\/swiper@8\/swiper-bundle.min.css' \/>\n\t <script src=\"..\/js\/jquery-3.6.0.min.js\"><\/script>\n\t\t<script src=\"https:\/\/cdn.jsdelivr.net\/npm\/bootstrap@5.2.3\/dist\/js\/bootstrap.bundle.min.js\"><\/script>\n\t\t<link rel=\"stylesheet\" href=\"https:\/\/cdn.jsdelivr.net\/npm\/bootstrap@5.2.3\/dist\/css\/bootstrap.min.css\" \/>\n\t<\/head>\n\t<header class=\"header\">\n\t  <div class=\"overlay\"><\/div>\n\t  <div class=\"header-content container\">\n\t<h1 class=\"header-title\">\n            <span class=\"down\">ACTIVITIES<\/span>\n        <\/h1>\n\t  <\/div>              \n\t<\/header>\n\t<main class= \"swiper-slider\">\n\t  <div class=\"swiper\"><div class=\"swiper-button-next\"><\/div>\n\t<div class=\"swiper-button-prev\"><\/div>\n\t\t<div class=\"swiper-wrapper\">\n\t\t  <div class=\"swiper-slide\">\n\t\t\t<div class=\"swiper-slide-img\">\n\t\t\t  <img decoding=\"async\" src=\"https:\/\/hgconsultant.com\/images\/b2b-2.png\" alt=\"\">\n\t\t\t  <svg data-name=\"Layer 1\" xmlns=\"http:\/\/www.w3.org\/2000\/svg\" viewbox=\"0 0 1200 120\" preserveaspectratio=\"none\">\n\t\t\t\t<path d=\"M0,0V46.29c47.79,22.2,103.59,32.17,158,28,70.36-5.37,136.33-33.31,206.8-37.5C438.64,32.43,512.34,53.67,583,72.05c69.27,18,138.3,24.88,209.4,13.08,36.15-6,69.85-17.84,104.45-29.34C989.49,25,1113-14.29,1200,52.47V0Z\" opacity=\".25\" class=\"shape-fill\"><\/path>\n\t\t\t\t<path d=\"M0,0V15.81C13,36.92,27.64,56.86,47.69,72.05,99.41,111.27,165,111,224.58,91.58c31.15-10.15,60.09-26.07,89.67-39.8,40.92-19,84.73-46,130.83-49.67,36.26-2.85,70.9,9.42,98.6,31.56,31.77,25.39,62.32,62,103.63,73,40.44,10.79,81.35-6.69,119.13-24.28s75.16-39,116.92-43.05c59.73-5.85,113.28,22.88,168.9,38.84,30.2,8.66,59,6.17,87.09-7.5,22.43-10.89,48-26.93,60.65-49.24V0Z\" opacity=\".5\" class=\"shape-fill\"><\/path>\n\t\t\t\t<path d=\"M0,0V5.63C149.93,59,314.09,71.32,475.83,42.57c43-7.64,84.23-20.12,127.61-26.46,59-8.63,112.48,12.24,165.56,35.4C827.93,77.22,886,95.24,951.2,90c86.53-7,172.46-45.71,248.8-84.81V0Z\" class=\"shape-fill\"><\/path>\n\t\t\t  <\/svg>\n\t\t\t<\/div>\n\t\t\t<div class=\"swiper-slide-content\">\n\t\t\t  <div>\n\t\t\t\t<h2>TRADE DELEGATION &amp; BUYING DELEGATION<\/h2>\n\t\t\t\t<p>We organize trade delegation programs and all business-related visits abroad for unions, Chambers of Commerce and Industry, other private sector representative institutions and associations, public institutions, and companies.<\/p>\n\t\t\t\t<a class=\"show-more\" href=\"https:\/\/hgconsultant.com\/en\/ticaret-heyeti-alim-heyeti-faaliyetleri\/\" target=\"_blank\" rel=\"noopener\"><svg fill=\"none\" stroke=\"currentColor\" stroke-width=\"1.5\" viewbox=\"0 0 24 24\" xmlns=\"http:\/\/www.w3.org\/2000\/svg\" aria-hidden=\"true\">\n\t\t\t\t\t<path stroke-linecap=\"round\" stroke-linejoin=\"round\" d=\"M17.25 8.25L21 12m0 0l-3.75 3.75M21 12H3\"><\/path>\n\t\t\t\t  <\/svg><\/a>\n\t\t\t  <\/div>\n\t\t\t<\/div>\n\t\t  <\/div>\n\t\t  <div class=\"swiper-slide\">\n\t\t\t<div class=\"swiper-slide-img\">\n\t\t\t  <img decoding=\"async\" src=\"https:\/\/hgconsultant.com\/images\/office-10.png\" alt=\"\">\n\t\t\t  <svg data-name=\"Layer 1\" xmlns=\"http:\/\/www.w3.org\/2000\/svg\" viewbox=\"0 0 1200 120\" preserveaspectratio=\"none\">\n\t\t\t\t<path d=\"M0,0V46.29c47.79,22.2,103.59,32.17,158,28,70.36-5.37,136.33-33.31,206.8-37.5C438.64,32.43,512.34,53.67,583,72.05c69.27,18,138.3,24.88,209.4,13.08,36.15-6,69.85-17.84,104.45-29.34C989.49,25,1113-14.29,1200,52.47V0Z\" opacity=\".25\" class=\"shape-fill\"><\/path>\n\t\t\t\t<path d=\"M0,0V15.81C13,36.92,27.64,56.86,47.69,72.05,99.41,111.27,165,111,224.58,91.58c31.15-10.15,60.09-26.07,89.67-39.8,40.92-19,84.73-46,130.83-49.67,36.26-2.85,70.9,9.42,98.6,31.56,31.77,25.39,62.32,62,103.63,73,40.44,10.79,81.35-6.69,119.13-24.28s75.16-39,116.92-43.05c59.73-5.85,113.28,22.88,168.9,38.84,30.2,8.66,59,6.17,87.09-7.5,22.43-10.89,48-26.93,60.65-49.24V0Z\" opacity=\".5\" class=\"shape-fill\"><\/path>\n\t\t\t\t<path d=\"M0,0V5.63C149.93,59,314.09,71.32,475.83,42.57c43-7.64,84.23-20.12,127.61-26.46,59-8.63,112.48,12.24,165.56,35.4C827.93,77.22,886,95.24,951.2,90c86.53-7,172.46-45.71,248.8-84.81V0Z\" class=\"shape-fill\"><\/path>\n\t\t\t  <\/svg>\n\t\t\t<\/div>\n\t\t\t<div class=\"swiper-slide-content\">\n\t\t\t  <div>\n\t\t\t\t<h2>VIP Buying Delegation Activities<\/h2>\n\t\t\t\t<p>HG Consulting organizes VIP Buying Delegation events in coordination with collaborative organizations to help Turkish exporting companies establish new business connections and strengthen existing business relationships in international markets.<\/p>\n\t\t\t\t<a class=\"show-more\" href=\"https:\/\/hgconsultant.com\/en\/vip-alim-heyeti-faaliyetleri\/\" target=\"_blank\" rel=\"noopener\"><svg fill=\"none\" stroke=\"currentColor\" stroke-width=\"1.5\" viewbox=\"0 0 24 24\" xmlns=\"http:\/\/www.w3.org\/2000\/svg\" aria-hidden=\"true\">\n\t\t\t\t\t<path stroke-linecap=\"round\" stroke-linejoin=\"round\" d=\"M17.25 8.25L21 12m0 0l-3.75 3.75M21 12H3\"><\/path>\n\t\t\t\t  <\/svg><\/a>\n\t\t\t  <\/div>\n\t\t\t<\/div>\n\t\t  <\/div>\n\t\t  <div class=\"swiper-slide\">\n\t\t\t<div class=\"swiper-slide-img\">\n\t\t\t  <img decoding=\"async\" src=\"https:\/\/hgconsultant.com\/images\/statistic-9.png\" alt=\"\">\n\t\t\t  <svg data-name=\"Layer 1\" xmlns=\"http:\/\/www.w3.org\/2000\/svg\" viewbox=\"0 0 1200 120\" preserveaspectratio=\"none\">\n\t\t\t\t<path d=\"M0,0V46.29c47.79,22.2,103.59,32.17,158,28,70.36-5.37,136.33-33.31,206.8-37.5C438.64,32.43,512.34,53.67,583,72.05c69.27,18,138.3,24.88,209.4,13.08,36.15-6,69.85-17.84,104.45-29.34C989.49,25,1113-14.29,1200,52.47V0Z\" opacity=\".25\" class=\"shape-fill\"><\/path>\n\t\t\t\t<path d=\"M0,0V15.81C13,36.92,27.64,56.86,47.69,72.05,99.41,111.27,165,111,224.58,91.58c31.15-10.15,60.09-26.07,89.67-39.8,40.92-19,84.73-46,130.83-49.67,36.26-2.85,70.9,9.42,98.6,31.56,31.77,25.39,62.32,62,103.63,73,40.44,10.79,81.35-6.69,119.13-24.28s75.16-39,116.92-43.05c59.73-5.85,113.28,22.88,168.9,38.84,30.2,8.66,59,6.17,87.09-7.5,22.43-10.89,48-26.93,60.65-49.24V0Z\" opacity=\".5\" class=\"shape-fill\"><\/path>\n\t\t\t\t<path d=\"M0,0V5.63C149.93,59,314.09,71.32,475.83,42.57c43-7.64,84.23-20.12,127.61-26.46,59-8.63,112.48,12.24,165.56,35.4C827.93,77.22,886,95.24,951.2,90c86.53-7,172.46-45.71,248.8-84.81V0Z\" class=\"shape-fill\"><\/path>\n\t\t\t  <\/svg>\n\t\t\t<\/div>\n\t\t\t<div class=\"swiper-slide-content\">\n\t\t\t  <div>\n\t\t\t\t<h2>UR-GE ACTIVITIES<\/h2>\n\t\t\t\t<p>We provide various services within the scope of UR-GE supports.<\/p>\n\t\t\t\t<a class=\"show-more\" href=\"https:\/\/hgconsultant.com\/en\/ur-ge-faaliyetleri\/\" target=\"_blank\" rel=\"noopener\"><svg fill=\"none\" stroke=\"currentColor\" stroke-width=\"1.5\" viewbox=\"0 0 24 24\" xmlns=\"http:\/\/www.w3.org\/2000\/svg\" aria-hidden=\"true\">\n\t\t\t\t\t<path stroke-linecap=\"round\" stroke-linejoin=\"round\" d=\"M17.25 8.25L21 12m0 0l-3.75 3.75M21 12H3\"><\/path>\n\t\t\t\t  <\/svg><\/a>\n\t\t\t  <\/div>\n\t\t\t<\/div>\n\t\t  <\/div>\n\t\t  <div class=\"swiper-slide\">\n\t\t\t<div class=\"swiper-slide-img\">\n\t\t\t  <img decoding=\"async\" src=\"https:\/\/hgconsultant.com\/images\/passport-1.png\" alt=\"\">\n\t\t\t  <svg data-name=\"Layer 1\" xmlns=\"http:\/\/www.w3.org\/2000\/svg\" viewbox=\"0 0 1200 120\" preserveaspectratio=\"none\">\n\t\t\t\t<path d=\"M0,0V46.29c47.79,22.2,103.59,32.17,158,28,70.36-5.37,136.33-33.31,206.8-37.5C438.64,32.43,512.34,53.67,583,72.05c69.27,18,138.3,24.88,209.4,13.08,36.15-6,69.85-17.84,104.45-29.34C989.49,25,1113-14.29,1200,52.47V0Z\" opacity=\".25\" class=\"shape-fill\"><\/path>\n\t\t\t\t<path d=\"M0,0V15.81C13,36.92,27.64,56.86,47.69,72.05,99.41,111.27,165,111,224.58,91.58c31.15-10.15,60.09-26.07,89.67-39.8,40.92-19,84.73-46,130.83-49.67,36.26-2.85,70.9,9.42,98.6,31.56,31.77,25.39,62.32,62,103.63,73,40.44,10.79,81.35-6.69,119.13-24.28s75.16-39,116.92-43.05c59.73-5.85,113.28,22.88,168.9,38.84,30.2,8.66,59,6.17,87.09-7.5,22.43-10.89,48-26.93,60.65-49.24V0Z\" opacity=\".5\" class=\"shape-fill\"><\/path>\n\t\t\t\t<path d=\"M0,0V5.63C149.93,59,314.09,71.32,475.83,42.57c43-7.64,84.23-20.12,127.61-26.46,59-8.63,112.48,12.24,165.56,35.4C827.93,77.22,886,95.24,951.2,90c86.53-7,172.46-45.71,248.8-84.81V0Z\" class=\"shape-fill\"><\/path>\n\t\t\t  <\/svg>\n\t\t\t<\/div>\n\t\t\t<div class=\"swiper-slide-content\">\n\t\t\t  <div>\n\t\t\t\t<h2>EXPORT &amp; GOVERNMENT SUPPORT PROGRAMS<\/h2>\n\t\t\t\t<p>HG Consulting organizes VIP Buying Delegation events in coordination with collaborative organizations to help Turkish exporting companies establish new business connections and strengthen existing business relationships in international markets.<\/p>\n\t\t\t\t<a class=\"show-more\" href=\"https:\/\/hgconsultant.com\/en\/ihracat-devlet-destek-programlari\/\" target=\"_blank\" rel=\"noopener\"><svg fill=\"none\" stroke=\"currentColor\" stroke-width=\"1.5\" viewbox=\"0 0 24 24\" xmlns=\"http:\/\/www.w3.org\/2000\/svg\" aria-hidden=\"true\">\n\t\t\t\t\t<path stroke-linecap=\"round\" stroke-linejoin=\"round\" d=\"M17.25 8.25L21 12m0 0l-3.75 3.75M21 12H3\"><\/path>\n\t\t\t\t  <\/svg><\/a>\n\t\t\t  <\/div>\n\t\t\t<\/div>\n\t\t  <\/div>\n\t\t<\/div>\n\t  <\/div>\n\t<\/main>\n\t<style>\n\t.header {\n\t\tposition: relative;\n\t\theight: 90vh;\n\t\tmin-height: 600px;\n\t\tdisplay: -webkit-box;\n\t\tdisplay: -ms-flexbox;\n\t\tdisplay: -webkit-flex;\n\t\tdisplay: flex;\n\t\t-webkit-box-align: center;\n\t\t-webkit-align-items: center;\n\t\t\t-ms-flex-align: center;\n\t\t\t\talign-items: center;\n\t\t-webkit-box-pack: center;\n\t\t-webkit-justify-content: center;\n\t\t\t-ms-flex-pack: center;\n\t\t\t\tjustify-content: center;\n\t\tbackground-image: url(..\/images\/header.jpg);\n\t\tbackground-size: cover;\n\t\tbackground-repeat: no-repeat;\n\t\tbackground-position: center center;\n\t  }\n\t  \n\t  .header .overlay {\n\t\tposition: absolute;\n\t\ttop: 0;\n\t\tleft: 0;\n\t\twidth: 100%;\n\t\theight: 100%;\n\t\tbackground-image: -webkit-linear-gradient(bottom, #fff 0%, rgba(105, 90, 166, 0.35) 99%, rgba(105, 90, 166, 0.5) 100%);\n\t\tbackground-image: linear-gradient(to top, #fff 0%, rgba(105, 90, 166, 0.35) 99%, rgba(105, 90, 166, 0.5) 100%);\n\t  }\n\t  \n\t  .header .header-content {\n\t\t-webkit-box-flex: 1;\n\t\t-webkit-flex-grow: 1;\n\t\t\t-ms-flex-positive: 1;\n\t\t\t\tflex-grow: 1;\n\t  }\n\t  \n\t  .header .header-content .header-title .up {\n\t\tfont-size: calc(30px + (60 - 30) * ((100vw - 300px) \/ (1300 - 300)));\n\t\tfont-weight: 500;\n\t\tcolor: #444;\n\t\tmargin-bottom: 5px;\n\t\tposition: relative;\n\t\tdisplay: block;\n\t  }\n\t  \n\t  .header .header-content .header-title .down {\n\t  text-align: center;\n\t\tfont-size: calc(30px + (75 - 30) * ((100vw - 300px) \/ (1300 - 300)));\n\t\tmargin-bottom: 0;\n\t\tposition: relative;\n\t\tdisplay: block;\n\t  }\n\t  \n\t  .header .header-content .header-subtitle {\n\t\tfont-size: calc(10px + (22 - 10) * ((100vw - 300px) \/ (1300 - 300)));\n\t\tletter-spacing: calc(1px + (7 - 1) * ((100vw - 300px) \/ (1300 - 300)));\n\t\topacity: .8;\n\t\tmargin-top: -10px;\n\t\tmargin-bottom: 20px;\n\t  }\n\t  \n\t  \n\t  .header-title {\n\t\tfont-size: 2.4rem;\n\t\tfont-weight: bold;\n\t\topacity: .8;\n\t\tcolor: #212529;\n\t  }\n\t  \n\t  @media (max-width: 991.98px) {\n\t\t.header {\n\t\t  background-size: cover;\n\t\t}\n\t  }\n\t\n\t* {\n\tbox-sizing: border-box;\n\tmargin: 0;\n\tpadding: 0;\n\t}\n\t\n\t.swiper-slider {\n\t  position: relative;\n\t  width: min(90rem, 90%);\n\t  margin: 0 auto;\n\t  display: flex;\n\t  align-items: center;\n\t  min-height: 100vh;\n\t  min-height: 100svh;\n\t  column-gap: 3rem;\n\t  padding-block: min(20vh, 3rem);\n\t}\n\t\n\t.swiper {\n\t  width: 100%;\n\t  padding: 1.875rem 0;\n\t}\n\t\n\t.swiper-slide {\n\t  width: 18.75rem;\n\t  height: 35rem;\n\t  display: flex;\n\t  flex-direction: column;\n\t  justify-content: end;\n\t  align-items: self-start;\n\t  box-shadow: 0.063rem 0.5rem 1.25rem hsla(0deg, 0%, 0%, 0.1216);\n\t  border-bottom-left-radius: 0.5rem;\n\t  border-bottom-right-radius: 0.5rem;\n\t}\n\t.swiper-slide-img {\n\t  position: relative;\n\t  width: 100%;\n\t  height: 100%;\n\t  overflow: hidden;\n\t  transform: rotate(180deg);\n\t  line-height: 0;\n\t  bottom: -0.063rem;\n\t  border-bottom-left-radius: 0.5rem;\n\t  border-bottom-right-radius: 0.5rem;\n\t}\n\t.swiper-slide-img img {\n\t  width: 100%;\n\t  height: 100%;\n\t  position: absolute;\n\t  inset: 0;\n\t  object-fit: cover;\n\t  z-index: -1;\n\t  transition: 0.3s ease-in-out;\n\t  transform: rotate(-180deg);\n\t}\n\t.swiper-slide-img svg {\n\t  position: relative;\n\t  display: block;\n\t  width: calc(300% + 1.3px);\n\t  height: 5rem;\n\t  transform: rotateY(180deg);\n\t}\n\t.swiper-slide-img .shape-fill {\n\t  fill: #ffffff;\n\t}\n\t.swiper-slide-content {\n\t  background: #fff;\n\t  padding: 0 1.65rem;\n\t  border-bottom-left-radius: 0.5rem;\n\t  border-bottom-right-radius: 0.5rem;\n\t  width: 100%;\n\t}\n\t.swiper-slide-content > div {\n\t  transform: translateY(-1.25rem);\n\t}\n\t.swiper-slide-content h2 {\n\t  color: #000;\n\t  font-family: \"Raleway\", sans-serif;\n\t  font-weight: 700;\n\t  font-size: 1.4rem;\n\t  line-height: 1.4;\n\t  margin-bottom: 0.425rem;\n\t  text-transform: capitalize;\n\t  letter-spacing: 0.02rem;\n\t}\n\t.swiper-slide-content p {\n\t  color: #000;\n\t  line-height: 1.6;\n\t  font-size: 0.9rem;\n\t  display: -webkit-box;\n\t  -webkit-line-clamp: 2;\n\t  -webkit-box-orient: vertical;\n\t  overflow: hidden;\n\t}\n\t.swiper-slide-content .show-more {\n\t  width: 3.125rem;\n\t  display: flex;\n\t  align-items: center;\n\t  justify-content: center;\n\t  background: #252a6b;\n\t  border-radius: 50%;\n\t  box-shadow: 0px 0.125rem 0.875rem rgba(36, 170, 217, 0.4196078431);\n\t  margin-top: 1em;\n\t  margin-bottom: 0.2em;\n\t  height: 0;\n\t  opacity: 0;\n\t  transition: opacity 0.3s ease-in;\n\t  margin-left: auto;\n\t}\n\t.swiper-slide-content .show-more:hover {\n\t  background: rgb(223, 108, 28);\n\t}\n\t.swiper-slide-content .show-more svg {\n\t  width: 1.75rem;\n\t  color: #fff;\n\t}\n\t\n\t.swiper-slide-active:hover img {\n\t  transform: scale(1.2) rotate(-185deg);\n\t}\n\t\n\t.swiper-slide-active:hover .show-more {\n\t  opacity: 1;\n\t  height: 3.125rem;\n\t}\n\t\n\t.swiper-slide-active:hover p {\n\t  display: block;\n\t  overflow: visible;\n\t}\n\t\n\t.swiper-3d .swiper-slide-shadow-left,\n\t.swiper-3d .swiper-slide-shadow-right {\n\t  background-image: none;\n\t}\n\t\n\t@media screen and (max-width: 1260px) {\n\t  .swiper-slide-active .show-more {\n\t\topacity: 1;\n\t\theight: 3.125rem;\n\t  }\n\t  .swiper-slide-active p {\n\t\tdisplay: block;\n\t\toverflow: visible;\n\t  }\n\t}\n\t@media screen and (min-width: 93.75rem) {\n\t  .swiper {\n\t\twidth: 85%;\n\t  }\n\t}\n\t.swiper-button-next,\n\t.swiper-button-prev {\n\t  color: white;\n\t  background-color: rgba(0, 0, 0, 0.5);\n\t  border-radius: 50%;\n\t  width: 40px;\n\t  height: 40px;\n\t  display: flex;\n\t  justify-content: center;\n\t  align-items: center;\n\t  cursor: pointer;\n\t}\n\t\n\t.swiper-button-next::after,\n\t.swiper-button-prev::after {\n\t  font-size: 20px;\n\t  font-weight: bold;\n\t}<\/style>\n\t<script>\/*\n\tinspiration\n\thttps:\/\/cz.pinterest.com\/pin\/830703093792161391\/\n\t*\/\n\tvar swiper = new Swiper(\".swiper\", {\n\t  effect: \"coverflow\",\n\t  grabCursor: true,\n\t  centeredSlides: true,\n\t  coverflowEffect: {\n\t\trotate: 0,\n\t\tstretch: 0,\n\t\tdepth: 100,\n\t\tmodifier: 2.5\n\t  },\n\t  \/\/ Add navigation\n\t  navigation: {\n\t\tnextEl: '.swiper-button-next',\n\t\tprevEl: '.swiper-button-prev',\n\t  },\n\t  keyboard: {\n\t\tenabled: true\n\t  }, \n\t \n\t  spaceBetween: 30,\n\t  loop: false,\n\t  breakpoints: {\n\t\t640: {\n\t\t  slidesPerView: 2\n\t\t},\n\t\t1024: {\n\t\t  slidesPerView: 3\n\t\t}\n\t  }\n\t});\n\t\n\tswiper.slideTo(1, false, false);\n\t<\/script>\n<\/div>","protected":false},"excerpt":{"rendered":"<p>FAAL\u0130YETLER\u0130M\u0130Z Ticaret Heyeti &#038; Al\u0131m Heyeti Faaliyetleri Birliklerin, Ticaret ve Sanayi Odalar\u0131n\u0131n, di\u011fer \u00f6zel sekt\u00f6r temsilcisi kurum ve derneklerin, kamu kurumlar\u0131n\u0131n ve firmalar\u0131n yurtd\u0131\u015f\u0131na yapacaklar\u0131 ticaret heyeti programlar\u0131 ile i\u015f ama\u00e7l\u0131 t\u00fcm ziyaretler organize edilmektedir. VIP Al\u0131m Heyeti Faaliyetleri HG Consulting Dan\u0131\u015fmanl\u0131k Firmas\u0131, T\u00fcrk ihracat\u00e7\u0131 firmalar\u0131n uluslararas\u0131 pazarlarda yeni i\u015f ba\u011flant\u0131lar\u0131 kurmalar\u0131n\u0131 ve mevcut i\u015f [&hellip;]<\/p>","protected":false},"author":1,"featured_media":0,"parent":0,"menu_order":0,"comment_status":"closed","ping_status":"closed","template":"","meta":{"editor_plus_copied_stylings":"{}","footnotes":""},"class_list":["post-505","page","type-page","status-publish","hentry"],"yoast_head":"<!-- This site is optimized with the Yoast SEO plugin v23.0 - https:\/\/yoast.com\/wordpress\/plugins\/seo\/ -->\n<title>Faaliyetlerimiz - HG Consultant<\/title>\n<meta name=\"robots\" content=\"index, follow, max-snippet:-1, max-image-preview:large, max-video-preview:-1\" \/>\n<link rel=\"canonical\" href=\"https:\/\/hgconsultant.com\/en\/faaliyetlerimiz\/\" \/>\n<meta property=\"og:locale\" content=\"en_US\" \/>\n<meta property=\"og:type\" content=\"article\" \/>\n<meta property=\"og:title\" content=\"Faaliyetlerimiz - HG Consultant\" \/>\n<meta property=\"og:description\" content=\"FAAL\u0130YETLER\u0130M\u0130Z Ticaret Heyeti &#038; Al\u0131m Heyeti Faaliyetleri Birliklerin, Ticaret ve Sanayi Odalar\u0131n\u0131n, di\u011fer \u00f6zel sekt\u00f6r temsilcisi kurum ve derneklerin, kamu kurumlar\u0131n\u0131n ve firmalar\u0131n yurtd\u0131\u015f\u0131na yapacaklar\u0131 ticaret heyeti programlar\u0131 ile i\u015f ama\u00e7l\u0131 t\u00fcm ziyaretler organize edilmektedir. VIP Al\u0131m Heyeti Faaliyetleri HG Consulting Dan\u0131\u015fmanl\u0131k Firmas\u0131, T\u00fcrk ihracat\u00e7\u0131 firmalar\u0131n uluslararas\u0131 pazarlarda yeni i\u015f ba\u011flant\u0131lar\u0131 kurmalar\u0131n\u0131 ve mevcut i\u015f [&hellip;]\" \/>\n<meta property=\"og:url\" content=\"https:\/\/hgconsultant.com\/en\/faaliyetlerimiz\/\" \/>\n<meta property=\"og:site_name\" content=\"HG Consultant\" \/>\n<meta property=\"article:modified_time\" content=\"2024-08-09T10:29:57+00:00\" \/>\n<meta property=\"og:image\" content=\"https:\/\/hgconsultant.com\/images\/b2b-2.png\" \/>\n<meta name=\"twitter:card\" content=\"summary_large_image\" \/>\n<meta name=\"twitter:label1\" content=\"Est. reading time\" \/>\n\t<meta name=\"twitter:data1\" content=\"2 minutes\" \/>\n<script type=\"application\/ld+json\" class=\"yoast-schema-graph\">{\"@context\":\"https:\/\/schema.org\",\"@graph\":[{\"@type\":\"WebPage\",\"@id\":\"https:\/\/hgconsultant.com\/faaliyetlerimiz\/\",\"url\":\"https:\/\/hgconsultant.com\/faaliyetlerimiz\/\",\"name\":\"Faaliyetlerimiz - HG Consultant\",\"isPartOf\":{\"@id\":\"https:\/\/hgconsultant.com\/#website\"},\"primaryImageOfPage\":{\"@id\":\"https:\/\/hgconsultant.com\/faaliyetlerimiz\/#primaryimage\"},\"image\":{\"@id\":\"https:\/\/hgconsultant.com\/faaliyetlerimiz\/#primaryimage\"},\"thumbnailUrl\":\"https:\/\/hgconsultant.com\/images\/b2b-2.png\",\"datePublished\":\"2024-07-23T14:01:52+00:00\",\"dateModified\":\"2024-08-09T10:29:57+00:00\",\"breadcrumb\":{\"@id\":\"https:\/\/hgconsultant.com\/faaliyetlerimiz\/#breadcrumb\"},\"inLanguage\":\"en-US\",\"potentialAction\":[{\"@type\":\"ReadAction\",\"target\":[\"https:\/\/hgconsultant.com\/faaliyetlerimiz\/\"]}]},{\"@type\":\"ImageObject\",\"inLanguage\":\"en-US\",\"@id\":\"https:\/\/hgconsultant.com\/faaliyetlerimiz\/#primaryimage\",\"url\":\"https:\/\/hgconsultant.com\/images\/b2b-2.png\",\"contentUrl\":\"https:\/\/hgconsultant.com\/images\/b2b-2.png\"},{\"@type\":\"BreadcrumbList\",\"@id\":\"https:\/\/hgconsultant.com\/faaliyetlerimiz\/#breadcrumb\",\"itemListElement\":[{\"@type\":\"ListItem\",\"position\":1,\"name\":\"Anasayfa\",\"item\":\"https:\/\/hgconsultant.com\/\"},{\"@type\":\"ListItem\",\"position\":2,\"name\":\"Faaliyetlerimiz\"}]},{\"@type\":\"WebSite\",\"@id\":\"https:\/\/hgconsultant.com\/#website\",\"url\":\"https:\/\/hgconsultant.com\/\",\"name\":\"HG Consultant\",\"description\":\"HG Consulting\",\"publisher\":{\"@id\":\"https:\/\/hgconsultant.com\/#organization\"},\"potentialAction\":[{\"@type\":\"SearchAction\",\"target\":{\"@type\":\"EntryPoint\",\"urlTemplate\":\"https:\/\/hgconsultant.com\/?s={search_term_string}\"},\"query-input\":\"required name=search_term_string\"}],\"inLanguage\":\"en-US\"},{\"@type\":\"Organization\",\"@id\":\"https:\/\/hgconsultant.com\/#organization\",\"name\":\"HG Consultant\",\"url\":\"https:\/\/hgconsultant.com\/\",\"logo\":{\"@type\":\"ImageObject\",\"inLanguage\":\"en-US\",\"@id\":\"https:\/\/hgconsultant.com\/#\/schema\/logo\/image\/\",\"url\":\"https:\/\/hgconsultant.com\/wp-content\/uploads\/2024\/07\/cropped-hg-logo.png\",\"contentUrl\":\"https:\/\/hgconsultant.com\/wp-content\/uploads\/2024\/07\/cropped-hg-logo.png\",\"width\":512,\"height\":512,\"caption\":\"HG Consultant\"},\"image\":{\"@id\":\"https:\/\/hgconsultant.com\/#\/schema\/logo\/image\/\"}}]}<\/script>\n<!-- \/ Yoast SEO plugin. -->","yoast_head_json":{"title":"Faaliyetlerimiz - HG Consultant","robots":{"index":"index","follow":"follow","max-snippet":"max-snippet:-1","max-image-preview":"max-image-preview:large","max-video-preview":"max-video-preview:-1"},"canonical":"https:\/\/hgconsultant.com\/en\/faaliyetlerimiz\/","og_locale":"en_US","og_type":"article","og_title":"Faaliyetlerimiz - HG Consultant","og_description":"FAAL\u0130YETLER\u0130M\u0130Z Ticaret Heyeti &#038; Al\u0131m Heyeti Faaliyetleri Birliklerin, Ticaret ve Sanayi Odalar\u0131n\u0131n, di\u011fer \u00f6zel sekt\u00f6r temsilcisi kurum ve derneklerin, kamu kurumlar\u0131n\u0131n ve firmalar\u0131n yurtd\u0131\u015f\u0131na yapacaklar\u0131 ticaret heyeti programlar\u0131 ile i\u015f ama\u00e7l\u0131 t\u00fcm ziyaretler organize edilmektedir. VIP Al\u0131m Heyeti Faaliyetleri HG Consulting Dan\u0131\u015fmanl\u0131k Firmas\u0131, T\u00fcrk ihracat\u00e7\u0131 firmalar\u0131n uluslararas\u0131 pazarlarda yeni i\u015f ba\u011flant\u0131lar\u0131 kurmalar\u0131n\u0131 ve mevcut i\u015f [&hellip;]","og_url":"https:\/\/hgconsultant.com\/en\/faaliyetlerimiz\/","og_site_name":"HG Consultant","article_modified_time":"2024-08-09T10:29:57+00:00","og_image":[{"url":"https:\/\/hgconsultant.com\/images\/b2b-2.png"}],"twitter_card":"summary_large_image","twitter_misc":{"Est. reading time":"2 minutes"},"schema":{"@context":"https:\/\/schema.org","@graph":[{"@type":"WebPage","@id":"https:\/\/hgconsultant.com\/faaliyetlerimiz\/","url":"https:\/\/hgconsultant.com\/faaliyetlerimiz\/","name":"Faaliyetlerimiz - HG Consultant","isPartOf":{"@id":"https:\/\/hgconsultant.com\/#website"},"primaryImageOfPage":{"@id":"https:\/\/hgconsultant.com\/faaliyetlerimiz\/#primaryimage"},"image":{"@id":"https:\/\/hgconsultant.com\/faaliyetlerimiz\/#primaryimage"},"thumbnailUrl":"https:\/\/hgconsultant.com\/images\/b2b-2.png","datePublished":"2024-07-23T14:01:52+00:00","dateModified":"2024-08-09T10:29:57+00:00","breadcrumb":{"@id":"https:\/\/hgconsultant.com\/faaliyetlerimiz\/#breadcrumb"},"inLanguage":"en-US","potentialAction":[{"@type":"ReadAction","target":["https:\/\/hgconsultant.com\/faaliyetlerimiz\/"]}]},{"@type":"ImageObject","inLanguage":"en-US","@id":"https:\/\/hgconsultant.com\/faaliyetlerimiz\/#primaryimage","url":"https:\/\/hgconsultant.com\/images\/b2b-2.png","contentUrl":"https:\/\/hgconsultant.com\/images\/b2b-2.png"},{"@type":"BreadcrumbList","@id":"https:\/\/hgconsultant.com\/faaliyetlerimiz\/#breadcrumb","itemListElement":[{"@type":"ListItem","position":1,"name":"Anasayfa","item":"https:\/\/hgconsultant.com\/"},{"@type":"ListItem","position":2,"name":"Faaliyetlerimiz"}]},{"@type":"WebSite","@id":"https:\/\/hgconsultant.com\/#website","url":"https:\/\/hgconsultant.com\/","name":"HG Consultant","description":"HG Consulting","publisher":{"@id":"https:\/\/hgconsultant.com\/#organization"},"potentialAction":[{"@type":"SearchAction","target":{"@type":"EntryPoint","urlTemplate":"https:\/\/hgconsultant.com\/?s={search_term_string}"},"query-input":"required name=search_term_string"}],"inLanguage":"en-US"},{"@type":"Organization","@id":"https:\/\/hgconsultant.com\/#organization","name":"HG Consultant","url":"https:\/\/hgconsultant.com\/","logo":{"@type":"ImageObject","inLanguage":"en-US","@id":"https:\/\/hgconsultant.com\/#\/schema\/logo\/image\/","url":"https:\/\/hgconsultant.com\/wp-content\/uploads\/2024\/07\/cropped-hg-logo.png","contentUrl":"https:\/\/hgconsultant.com\/wp-content\/uploads\/2024\/07\/cropped-hg-logo.png","width":512,"height":512,"caption":"HG Consultant"},"image":{"@id":"https:\/\/hgconsultant.com\/#\/schema\/logo\/image\/"}}]}},"jetpack_sharing_enabled":true,"_links":{"self":[{"href":"https:\/\/hgconsultant.com\/en\/wp-json\/wp\/v2\/pages\/505","targetHints":{"allow":["GET"]}}],"collection":[{"href":"https:\/\/hgconsultant.com\/en\/wp-json\/wp\/v2\/pages"}],"about":[{"href":"https:\/\/hgconsultant.com\/en\/wp-json\/wp\/v2\/types\/page"}],"author":[{"embeddable":true,"href":"https:\/\/hgconsultant.com\/en\/wp-json\/wp\/v2\/users\/1"}],"replies":[{"embeddable":true,"href":"https:\/\/hgconsultant.com\/en\/wp-json\/wp\/v2\/comments?post=505"}],"version-history":[{"count":24,"href":"https:\/\/hgconsultant.com\/en\/wp-json\/wp\/v2\/pages\/505\/revisions"}],"predecessor-version":[{"id":568,"href":"https:\/\/hgconsultant.com\/en\/wp-json\/wp\/v2\/pages\/505\/revisions\/568"}],"wp:attachment":[{"href":"https:\/\/hgconsultant.com\/en\/wp-json\/wp\/v2\/media?parent=505"}],"curies":[{"name":"wp","href":"https:\/\/api.w.org\/{rel}","templated":true}]}}