{"id":200,"date":"2024-07-06T14:55:40","date_gmt":"2024-07-06T14:55:40","guid":{"rendered":"https:\/\/hgconsultant.com\/?page_id=200"},"modified":"2024-07-23T12:06:05","modified_gmt":"2024-07-23T12:06:05","slug":"iletisim","status":"publish","type":"page","link":"https:\/\/hgconsultant.com\/en\/iletisim\/","title":{"rendered":"Contact"},"content":{"rendered":"<div class=\"cont-container wp-block-group eplus-wrapper has-global-padding is-layout-constrained wp-block-group-is-layout-constrained eplus-styles-uid-c55906\" style=\"min-height:100vh\"><div class=\"wp-block-columns are-vertically-aligned-center eplus-wrapper is-layout-flex wp-container-core-columns-is-layout-96954ba1 wp-block-columns-is-layout-flex eplus-styles-uid-432519\" style=\"margin-top:200px;padding-top:var(--wp--preset--spacing--10);padding-right:var(--wp--preset--spacing--20);padding-bottom:var(--wp--preset--spacing--10);padding-left:var(--wp--preset--spacing--20)\">\n<div class=\"wp-block-column is-vertically-aligned-center eplus-wrapper has-global-padding is-layout-constrained wp-container-core-column-is-layout-a1b25ebe wp-block-column-is-layout-constrained\" style=\"flex-basis:50%\">\n<div class=\"wp-block-group eplus-wrapper has-global-padding is-layout-constrained wp-block-group-is-layout-constrained\">\n<h2 class=\"wp-block-heading eplus-wrapper\" style=\"font-style:normal;font-weight:600\">HG Consulting<\/h2>\n\n\n\n<div class=\"wp-block-group eplus-wrapper is-nowrap is-layout-flex wp-container-core-group-is-layout-20452266 wp-block-group-is-layout-flex\" style=\"margin-top:30px;margin-bottom:30px;padding-top:0;padding-right:1rem;padding-bottom:0;padding-left:1rem\">\n<div class=\"wp-block-group eplus-wrapper has-global-padding is-layout-constrained wp-block-group-is-layout-constrained\">\n<button onclick=\"location.href='https:\/\/maps.app.goo.gl\/uXsPb4M4TbAowvPE7'\" type=\"button\" class=\"Btnloc\">\n    <span class=\"svgContainerloc\">\n      <svg width=\"1.6em\" height=\"1.6em\" viewbox=\"2 2 20 20\" fill=\"none\" xmlns=\"http:\/\/www.w3.org\/2000\/svg\" stroke=\"#fff\"><g id=\"SVGRepo_bgCarrier\" stroke-width=\"0\"><\/g><g id=\"SVGRepo_tracerCarrier\" stroke-linecap=\"round\" stroke-linejoin=\"round\"><\/g><g id=\"SVGRepo_iconCarrier\"> <path d=\"M12 21C15.5 17.4 19 14.1764 19 10.2C19 6.22355 15.866 3 12 3C8.13401 3 5 6.22355 5 10.2C5 14.1764 8.5 17.4 12 21Z\" stroke=\"#fff\" stroke-width=\"1\" stroke-linecap=\"round\" stroke-linejoin=\"round\"><\/path> <path d=\"M12 12C13.1046 12 14 11.1046 14 10C14 8.89543 13.1046 8 12 8C10.8954 8 10 8.89543 10 10C10 11.1046 10.8954 12 12 12Z\" stroke=\"#fff\" stroke-width=\"1\" stroke-linecap=\"round\" stroke-linejoin=\"round\"><\/path> <\/g><\/svg>\n    <\/span>\n    <span class=\"BGloc\"><\/span>\n  <\/button>\n<\/div>\n\n\n\n<p style=\"margin-top:0px;margin-right:15px;margin-bottom:0px;margin-left:15px;line-height:1\" class=\"eplus-wrapper\"><a href=\"https:\/\/maps.app.goo.gl\/uXsPb4M4TbAowvPE7\">Adalet Mahallesi Manas Bulvar\u0131 No 39 \/ 3408 Bayrakl\u0131 \u0130zmir<\/a><\/p>\n<\/div>\n\n\n<div class=\"module wp-block-group eplus-wrapper has-global-padding is-layout-constrained wp-block-group-is-layout-constrained eplus-styles-uid-34a67a\" style=\"margin-top:25px;margin-bottom:25px\">\n<h5 class=\"wp-block-heading eplus-wrapper\"><strong>H\u00fcseyin \u015eak\u0131<\/strong><\/h5>\n\n\n\n<p class=\"has-small-font-size eplus-wrapper\">Managing Partner<\/p>\n\n\n\n<div class=\"wp-block-group alignfull eplus-wrapper has-global-padding is-content-justification-left is-layout-constrained wp-container-core-group-is-layout-5ba0f1c9 wp-block-group-is-layout-constrained\"><hr class=\"is-style-default  wp-block-separator has-text-color has-alpha-channel-opacity has-background eplus-wrapper eplus-styles-uid-164bea\" style=\"margin-top:5px;margin-bottom:15px;background-color:#df6c1c;color:#df6c1c\"><\/div>\n\n\n\n<div class=\"wp-block-group eplus-wrapper is-nowrap is-layout-flex wp-container-core-group-is-layout-3f30021f wp-block-group-is-layout-flex\" style=\"margin-top:5px;margin-bottom:var(--wp--preset--spacing--10)\">\n<div class=\"wp-block-group eplus-wrapper has-global-padding is-layout-constrained wp-block-group-is-layout-constrained\">\n<button onclick=\"location.href='mailto:huseyin@hgconsultant.com'\" type=\"button\" class=\"Btnmail\">\n    <span class=\"svgContainermail\">\n      <svg width=\"1.6em\" height=\"1.6em\" viewbox=\"2 2 20 20\" fill=\"none\" xmlns=\"http:\/\/www.w3.org\/2000\/svg\"><path d=\"M6.11098 18.9943H4.78839C4.19226 19.0474 3 18.7528 3 17.1491C3 15.5454 3 9.96574 3 7.74088C3 5.51602 5.29936 5.75901 6.46066 6.62465L11.9883 10.6567L17.6323 6.48797C18.9793 5.41731 21 6.16905 21 8.44707C21 11.8185 21 15.395 21 16.7618C21 17.6502 20.7631 18.9943 18.9793 18.9943H16.889V12.2058L11.9883 15.8506L7.11098 12.2058V16.7186\" stroke=\"#fff\" stroke-linecap=\"round\" stroke-linejoin=\"round\"><\/path><\/svg>\n    <\/span>\n    <span class=\"BGmail\"><\/span>\n  <\/button>\n<\/div>\n\n\n\n<p style=\"padding-right:15px;padding-left:15px\" class=\"eplus-wrapper\"><a href=\"mailto:huseyin@hgconsultant.com\">huseyin@hgconsultant.com<\/a><\/p>\n<\/div>\n\n\n\n<div class=\"wp-block-group eplus-wrapper is-nowrap is-layout-flex wp-container-core-group-is-layout-0d2fbae5 wp-block-group-is-layout-flex\" style=\"margin-top:5px;margin-bottom:var(--wp--preset--spacing--10);padding-top:0;padding-bottom:0\">\n<div class=\"wp-block-group eplus-wrapper has-global-padding is-layout-constrained wp-block-group-is-layout-constrained\">\n<button onclick=\"location.href='tel:+905433155714'\" type=\"button\" class=\"Btn\">\n    <span class=\"svgContainer\">\n      <svg width=\"1.6em\" height=\"1.6em\" viewbox=\"2 2 20 20\" fill=\"white\" xmlns=\"http:\/\/www.w3.org\/2000\/svg\">\n                <path d=\"M19.001 4.908A9.817 9.817 0 0 0 11.992 2C6.534 2 2.085 6.448 2.08 11.908c0 1.748.458 3.45 1.321 4.956L2 22l5.255-1.377a9.916 9.916 0 0 0 4.737 1.206h.005c5.46 0 9.908-4.448 9.913-9.913A9.872 9.872 0 0 0 19 4.908h.001ZM11.992 20.15A8.216 8.216 0 0 1 7.797 19l-.3-.18-3.117.818.833-3.041-.196-.314a8.2 8.2 0 0 1-1.258-4.381c0-4.533 3.696-8.23 8.239-8.23a8.2 8.2 0 0 1 5.825 2.413 8.196 8.196 0 0 1 2.41 5.825c-.006 4.55-3.702 8.24-8.24 8.24Zm4.52-6.167c-.247-.124-1.463-.723-1.692-.808-.228-.08-.394-.123-.556.124-.166.246-.641.808-.784.969-.143.166-.29.185-.537.062-.247-.125-1.045-.385-1.99-1.23-.738-.657-1.232-1.47-1.38-1.716-.142-.247-.013-.38.11-.504.11-.11.247-.29.37-.432.126-.143.167-.248.248-.413.082-.167.043-.31-.018-.433-.063-.124-.557-1.345-.765-1.838-.2-.486-.404-.419-.557-.425-.142-.009-.309-.009-.475-.009a.911.911 0 0 0-.661.31c-.228.247-.864.845-.864 2.067 0 1.22.888 2.395 1.013 2.56.122.167 1.742 2.666 4.229 3.74.587.257 1.05.408 1.41.523.595.19 1.13.162 1.558.1.475-.072 1.464-.6 1.673-1.178.205-.58.205-1.075.142-1.18-.061-.104-.227-.165-.475-.29Z\"><\/path>\n              <\/svg>\n    <\/span>\n    <span class=\"BG\"><\/span>\n  <\/button>\n<\/div>\n\n\n\n<p style=\"padding-right:15px;padding-left:15px\" class=\"eplus-wrapper\"><a href=\"tel: 905433155714\">+90 0543 315 57 14<\/a><\/p>\n<\/div>\n<\/div>\n\n<div class=\"module wp-block-group eplus-wrapper has-global-padding is-layout-constrained wp-block-group-is-layout-constrained eplus-styles-uid-34a67a\" style=\"margin-top:0px;margin-bottom:0px\">\n<h5 class=\"wp-block-heading eplus-wrapper\"><strong><strong>G\u00f6kalp Soyg\u00fcl<\/strong><\/strong><\/h5>\n\n\n\n<p class=\"has-small-font-size eplus-wrapper\">Managing Partner<\/p>\n\n\n\n<div class=\"wp-block-group alignfull eplus-wrapper has-global-padding is-content-justification-left is-layout-constrained wp-container-core-group-is-layout-5ba0f1c9 wp-block-group-is-layout-constrained\"><hr class=\"is-style-default  wp-block-separator has-text-color has-alpha-channel-opacity has-background eplus-wrapper eplus-styles-uid-164bea\" style=\"margin-top:5px;margin-bottom:15px;background-color:#df6c1c;color:#df6c1c\"><\/div>\n\n\n\n<div class=\"wp-block-group eplus-wrapper is-nowrap is-layout-flex wp-container-core-group-is-layout-3f30021f wp-block-group-is-layout-flex\" style=\"margin-top:5px;margin-bottom:var(--wp--preset--spacing--10)\">\n<div class=\"wp-block-group eplus-wrapper has-global-padding is-layout-constrained wp-block-group-is-layout-constrained\">\n<button onclick=\"location.href='mailto:gokalp@hgconsultant.com'\" type=\"button\" class=\"Btnmail\">\n    <span class=\"svgContainermail\">\n      <svg width=\"1.6em\" height=\"1.6em\" viewbox=\"2 2 20 20\" fill=\"none\" xmlns=\"http:\/\/www.w3.org\/2000\/svg\"><path d=\"M6.11098 18.9943H4.78839C4.19226 19.0474 3 18.7528 3 17.1491C3 15.5454 3 9.96574 3 7.74088C3 5.51602 5.29936 5.75901 6.46066 6.62465L11.9883 10.6567L17.6323 6.48797C18.9793 5.41731 21 6.16905 21 8.44707C21 11.8185 21 15.395 21 16.7618C21 17.6502 20.7631 18.9943 18.9793 18.9943H16.889V12.2058L11.9883 15.8506L7.11098 12.2058V16.7186\" stroke=\"#fff\" stroke-linecap=\"round\" stroke-linejoin=\"round\"><\/path><\/svg>\n    <\/span>\n    <span class=\"BGmail\"><\/span>\n  <\/button>\n<\/div>\n\n\n\n<p style=\"padding-right:15px;padding-left:15px\" class=\"eplus-wrapper\"><a href=\"mailto:huseyin@hgconsultant.com\"><\/a><a href=\"mailto:gokalp@hgconsultant.com\">gokalp@hgconsultant.com<\/a><\/p>\n<\/div>\n\n\n\n<div class=\"wp-block-group eplus-wrapper is-nowrap is-layout-flex wp-container-core-group-is-layout-0d2fbae5 wp-block-group-is-layout-flex\" style=\"margin-top:5px;margin-bottom:var(--wp--preset--spacing--10);padding-top:0;padding-bottom:0\">\n<div class=\"wp-block-group eplus-wrapper has-global-padding is-layout-constrained wp-block-group-is-layout-constrained\">\n<button onclick=\"location.href='tel:+905303229413'\" type=\"button\" class=\"Btn\">\n    <span class=\"svgContainer\">\n      <svg width=\"1.6em\" height=\"1.6em\" viewbox=\"2 2 20 20\" fill=\"white\" xmlns=\"http:\/\/www.w3.org\/2000\/svg\">\n                <path d=\"M19.001 4.908A9.817 9.817 0 0 0 11.992 2C6.534 2 2.085 6.448 2.08 11.908c0 1.748.458 3.45 1.321 4.956L2 22l5.255-1.377a9.916 9.916 0 0 0 4.737 1.206h.005c5.46 0 9.908-4.448 9.913-9.913A9.872 9.872 0 0 0 19 4.908h.001ZM11.992 20.15A8.216 8.216 0 0 1 7.797 19l-.3-.18-3.117.818.833-3.041-.196-.314a8.2 8.2 0 0 1-1.258-4.381c0-4.533 3.696-8.23 8.239-8.23a8.2 8.2 0 0 1 5.825 2.413 8.196 8.196 0 0 1 2.41 5.825c-.006 4.55-3.702 8.24-8.24 8.24Zm4.52-6.167c-.247-.124-1.463-.723-1.692-.808-.228-.08-.394-.123-.556.124-.166.246-.641.808-.784.969-.143.166-.29.185-.537.062-.247-.125-1.045-.385-1.99-1.23-.738-.657-1.232-1.47-1.38-1.716-.142-.247-.013-.38.11-.504.11-.11.247-.29.37-.432.126-.143.167-.248.248-.413.082-.167.043-.31-.018-.433-.063-.124-.557-1.345-.765-1.838-.2-.486-.404-.419-.557-.425-.142-.009-.309-.009-.475-.009a.911.911 0 0 0-.661.31c-.228.247-.864.845-.864 2.067 0 1.22.888 2.395 1.013 2.56.122.167 1.742 2.666 4.229 3.74.587.257 1.05.408 1.41.523.595.19 1.13.162 1.558.1.475-.072 1.464-.6 1.673-1.178.205-.58.205-1.075.142-1.18-.061-.104-.227-.165-.475-.29Z\"><\/path>\n              <\/svg>\n    <\/span>\n    <span class=\"BG\"><\/span>\n  <\/button>\n<\/div>\n\n\n\n<p style=\"padding-right:15px;padding-left:15px\" class=\"eplus-wrapper\"><a href=\"tel: 905303229413\">+90 0530 322 94 13<\/a><\/p>\n<\/div>\n<\/div><\/div>\n<\/div>\n\n\n\n<div class=\"wp-block-column is-vertically-aligned-center eplus-wrapper has-global-padding is-layout-constrained wp-container-core-column-is-layout-a099c240 wp-block-column-is-layout-constrained\" style=\"flex-basis:50%\">\n<div class=\"wp-block-group eplus-wrapper has-global-padding is-layout-constrained wp-container-core-group-is-layout-39500e4b wp-block-group-is-layout-constrained\" style=\"border-style:none;border-width:0px;padding-top:10px;padding-right:10px;padding-bottom:10px;padding-left:10px\"><div class=\"contact-info wp-block-group has-background eplus-wrapper has-global-padding is-layout-constrained wp-container-core-group-is-layout-d749c68c wp-block-group-is-layout-constrained eplus-styles-uid-07dcd1\" style=\"background-color:#e9e3d4;margin-top:0;margin-bottom:0;padding-top:var(--wp--preset--spacing--30);padding-right:var(--wp--preset--spacing--30);padding-bottom:var(--wp--preset--spacing--30);padding-left:var(--wp--preset--spacing--30)\">\n<h3 class=\"wp-block-heading has-x-large-font-size eplus-wrapper\" style=\"font-style:normal;font-weight:600\">Get in Touch with Us!<\/h3>\n\n\n<div class=\"wp-block-jetpack-contact-form is-style-outlined\"><a href=\"https:\/\/hgconsultant.com\/en\/iletisim\/\" target=\"_blank\" rel=\"noopener noreferrer\">Submit a form.<\/a><\/div>\n\n\n<div class=\"contact-border\"><\/div>\n<\/div><\/div>\n<\/div>\n<\/div><\/div>\n\n\n<style>\na{text-decoration:none;}\n.Btnmail {\n  width: 45px;\n  height: 45px;\n  display: flex;\n  align-items: center;\n  justify-content: center;\n  border: none;\n  background-color: transparent;\n  position: relative;\n  \/* overflow: hidden; *\/\n  border-radius: 3px;\n  cursor: pointer;\n  transition: all 0.3s;\n}\n\n.svgContainermail{\n  width: 100%;\n  height: 100%;\n  display: flex;\n  align-items: center;\n  justify-content: center;\n  background-color: transparent;\n  backdrop-filter: blur(4px);\n  letter-spacing: 0.8px;\n  border-radius: 10px;\n  transition: all 0.3s;\n  border: 1px solid rgba(156, 156, 156, 0.466);\n}\n\n.BGmail {\n  position: absolute;\n  content: \"\";\n  width: 100%;\n  height: 100%;\n  background: #f09433;\n  background: -moz-linear-gradient(\n    45deg,\n    #f09433 0%,\n    #e6683c 25%,\n    #dc2743 50%,\n    #cc2366 75%,\n    #bc1888 100%\n  );\n  background: -webkit-linear-gradient(\n    45deg,\n    #f09433 0%,\n    #e6683c 25%,\n    #dc2743 50%,\n    #cc2366 75%,\n    #bc1888 100%\n  );\n  background: linear-gradient(\n    45deg,\n    #f09433 0%,\n    #e6683c 25%,\n    #dc2743 50%,\n    #cc2366 75%,\n    #bc1888 100%\n  );\n  filter: progid:DXImageTransform.Microsoft.gradient( startColorstr='#f09433', endColorstr='#bc1888',GradientType=1 );\n  z-index: -1;\n  border-radius: 9px;\n  pointer-events: none;\n  transition: all 0.3s;\n}\n\n.Btnmail:hover .BGmail {\n  transform: rotate(35deg);\n  transform-origin: bottom;\n}\n\n.Btnmail:hover .svgContainermail {\n  background-color: rgba(156, 156, 156, 0.466);\n}\n.Btn {\n  width: 45px;\n  height: 45px;\n  display: flex;\n  align-items: center;\n  justify-content: center;\n  border: none;\n  background-color: transparent;\n  position: relative;\n  \/* overflow: hidden; *\/\n  border-radius: 7px;\n  cursor: pointer;\n  transition: all 0.3s;\n}\n\n.svgContainer {\n  width: 100%;\n  height: 100%;\n  display: flex;\n  align-items: center;\n  justify-content: center;\n  background-color: transparent;\n  backdrop-filter: blur(0px);\n  letter-spacing: 0.8px;\n  border-radius: 10px;\n  transition: all 0.3s;\n  border: 1px solid rgba(156, 156, 156, 0.466);\n}\n\n.BG {\n  position: absolute;\n  content: \"\";\n  width: 100%;\n  height: 100%;\n  background: #24a1de;\n  z-index: -1;\n  border-radius: 10px;\n  pointer-events: none;\n  transition: all 0.3s;\n}\n\n.Btn:hover .BG {\n  transform: rotate(35deg);\n  transform-origin: bottom;\n}\n\n.Btn:hover .svgContainer {\n  border: 1px solid rgba(226, 226, 226, 0.466);\n  background-color: rgba(204, 204, 204, 0.466);\n  backdrop-filter: blur(4px);\n}\n.Btnloc {\n  width: 45px;\n  height: 45px;\n  display: flex;\n  align-items: center;\n  justify-content: center;\n  border: none;\n  background-color: transparent;\n  position: relative;\n  \/* overflow: hidden; *\/\n  border-radius: 7px;\n  cursor: pointer;\n  transition: all 0.3s;\n}\n\n.svgContainerloc {\n  width: 100%;\n  height: 100%;\n  display: flex;\n  align-items: center;\n  justify-content: center;\n  background-color: transparent;\n  backdrop-filter: blur(0px);\n  letter-spacing: 0.8px;\n  border-radius: 10px;\n  transition: all 0.3s;\n  border: 1px solid rgba(156, 156, 156, 0.466);\n}\n\n.BGloc {\n  position: absolute;\n  content: \"\";\n  width: 100%;\n  height: 100%;\n  background: #f48024;\n  z-index: -1;\n  border-radius: 10px;\n  pointer-events: none;\n  transition: all 0.3s;\n}\n\n.Btnloc:hover .BGloc {\n  transform: rotate(35deg);\n  transform-origin: bottom;\n}\n\n.Btnloc:hover .svgContainerloc {\n  background-color: rgba(202, 202, 202, 0.466);\n  backdrop-filter: blur(4px);\n}\na, p {font-weight: 500;}\n.module {\n      padding: 1rem;\n    border-width: 1px 4px 6px 1px;\n    border-style: solid;\n    border-image: linear-gradient(to left top, #ff7300, #002bff) 1;\n}\nbody{background-image:radial-gradient(circle at 10% 26%, rgba(184, 184, 184, 0.1) 0%, rgba(184, 184, 184, 0.1) 33%, rgba(96, 96, 96, 0.1) 33%, rgba(96, 96, 96, 0.1) 66%, rgba(7, 7, 7, 0.1) 66%, rgba(7, 7, 7, 0.1) 99%), linear-gradient(100deg, #ffffff, #ffffff, #202e6470, #505ea0);}\n\n<\/style>","protected":false},"excerpt":{"rendered":"<p>HG Consulting Adalet Mahallesi Manas Bulvar\u0131 No 39 \/ 3408 Bayrakl\u0131 \u0130zmir H\u00fcseyin \u015eak\u0131 Y\u00f6netici Ortak huseyin@hgconsultant.com +90 0543 315 57 14 G\u00f6kalp Soyg\u00fcl Y\u00f6netici Ortak gokalp@hgconsultant.com +90 0530 322 94 13 Bizimle \u0130leti\u015fime Ge\u00e7in!<\/p>","protected":false},"author":1,"featured_media":20,"parent":0,"menu_order":0,"comment_status":"closed","ping_status":"closed","template":"page-no-title","meta":{"editor_plus_copied_stylings":"{}","footnotes":""},"class_list":["post-200","page","type-page","status-publish","has-post-thumbnail","hentry"],"yoast_head":"<!-- This site is optimized with the Yoast SEO plugin v23.0 - https:\/\/yoast.com\/wordpress\/plugins\/seo\/ -->\n<title>\u0130leti\u015fim - HG Consultant<\/title>\n<meta name=\"description\" content=\"HG Consultant - info@hgconsultant.com\" \/>\n<meta name=\"robots\" content=\"index, follow, max-snippet:-1, max-image-preview:large, max-video-preview:-1\" \/>\n<link rel=\"canonical\" href=\"https:\/\/hgconsultant.com\/en\/iletisim\/\" \/>\n<meta property=\"og:locale\" content=\"en_US\" \/>\n<meta property=\"og:type\" content=\"article\" \/>\n<meta property=\"og:title\" content=\"\u0130leti\u015fim - HG Consultant\" \/>\n<meta property=\"og:description\" content=\"HG Consultant - info@hgconsultant.com\" \/>\n<meta property=\"og:url\" content=\"https:\/\/hgconsultant.com\/en\/iletisim\/\" \/>\n<meta property=\"og:site_name\" content=\"HG Consultant\" \/>\n<meta property=\"article:modified_time\" content=\"2024-07-23T12:06:05+00:00\" \/>\n<meta property=\"og:image\" content=\"https:\/\/hgconsultant.com\/wp-content\/uploads\/2024\/07\/hg-logo.png\" \/>\n\t<meta property=\"og:image:width\" content=\"253\" \/>\n\t<meta property=\"og:image:height\" content=\"236\" \/>\n\t<meta property=\"og:image:type\" content=\"image\/png\" \/>\n<meta name=\"twitter:card\" content=\"summary_large_image\" \/>\n<meta name=\"twitter:label1\" content=\"Est. reading time\" \/>\n\t<meta name=\"twitter:data1\" content=\"1 minute\" \/>\n<script type=\"application\/ld+json\" class=\"yoast-schema-graph\">{\"@context\":\"https:\/\/schema.org\",\"@graph\":[{\"@type\":\"WebPage\",\"@id\":\"https:\/\/hgconsultant.com\/iletisim\/\",\"url\":\"https:\/\/hgconsultant.com\/iletisim\/\",\"name\":\"\u0130leti\u015fim - HG Consultant\",\"isPartOf\":{\"@id\":\"https:\/\/hgconsultant.com\/#website\"},\"primaryImageOfPage\":{\"@id\":\"https:\/\/hgconsultant.com\/iletisim\/#primaryimage\"},\"image\":{\"@id\":\"https:\/\/hgconsultant.com\/iletisim\/#primaryimage\"},\"thumbnailUrl\":\"https:\/\/hgconsultant.com\/wp-content\/uploads\/2024\/07\/hg-logo.png\",\"datePublished\":\"2024-07-06T14:55:40+00:00\",\"dateModified\":\"2024-07-23T12:06:05+00:00\",\"description\":\"HG Consultant - info@hgconsultant.com\",\"breadcrumb\":{\"@id\":\"https:\/\/hgconsultant.com\/iletisim\/#breadcrumb\"},\"inLanguage\":\"en-US\",\"potentialAction\":[{\"@type\":\"ReadAction\",\"target\":[\"https:\/\/hgconsultant.com\/iletisim\/\"]}]},{\"@type\":\"ImageObject\",\"inLanguage\":\"en-US\",\"@id\":\"https:\/\/hgconsultant.com\/iletisim\/#primaryimage\",\"url\":\"https:\/\/hgconsultant.com\/wp-content\/uploads\/2024\/07\/hg-logo.png\",\"contentUrl\":\"https:\/\/hgconsultant.com\/wp-content\/uploads\/2024\/07\/hg-logo.png\",\"width\":253,\"height\":236},{\"@type\":\"BreadcrumbList\",\"@id\":\"https:\/\/hgconsultant.com\/iletisim\/#breadcrumb\",\"itemListElement\":[{\"@type\":\"ListItem\",\"position\":1,\"name\":\"Anasayfa\",\"item\":\"https:\/\/hgconsultant.com\/\"},{\"@type\":\"ListItem\",\"position\":2,\"name\":\"\u0130leti\u015fim\"}]},{\"@type\":\"WebSite\",\"@id\":\"https:\/\/hgconsultant.com\/#website\",\"url\":\"https:\/\/hgconsultant.com\/\",\"name\":\"HG Consultant\",\"description\":\"HG Consulting\",\"publisher\":{\"@id\":\"https:\/\/hgconsultant.com\/#organization\"},\"potentialAction\":[{\"@type\":\"SearchAction\",\"target\":{\"@type\":\"EntryPoint\",\"urlTemplate\":\"https:\/\/hgconsultant.com\/?s={search_term_string}\"},\"query-input\":\"required name=search_term_string\"}],\"inLanguage\":\"en-US\"},{\"@type\":\"Organization\",\"@id\":\"https:\/\/hgconsultant.com\/#organization\",\"name\":\"HG Consultant\",\"url\":\"https:\/\/hgconsultant.com\/\",\"logo\":{\"@type\":\"ImageObject\",\"inLanguage\":\"en-US\",\"@id\":\"https:\/\/hgconsultant.com\/#\/schema\/logo\/image\/\",\"url\":\"https:\/\/hgconsultant.com\/wp-content\/uploads\/2024\/07\/cropped-hg-logo.png\",\"contentUrl\":\"https:\/\/hgconsultant.com\/wp-content\/uploads\/2024\/07\/cropped-hg-logo.png\",\"width\":512,\"height\":512,\"caption\":\"HG Consultant\"},\"image\":{\"@id\":\"https:\/\/hgconsultant.com\/#\/schema\/logo\/image\/\"}}]}<\/script>\n<!-- \/ Yoast SEO plugin. -->","yoast_head_json":{"title":"\u0130leti\u015fim - HG Consultant","description":"HG Consultant - info@hgconsultant.com","robots":{"index":"index","follow":"follow","max-snippet":"max-snippet:-1","max-image-preview":"max-image-preview:large","max-video-preview":"max-video-preview:-1"},"canonical":"https:\/\/hgconsultant.com\/en\/iletisim\/","og_locale":"en_US","og_type":"article","og_title":"\u0130leti\u015fim - HG Consultant","og_description":"HG Consultant - info@hgconsultant.com","og_url":"https:\/\/hgconsultant.com\/en\/iletisim\/","og_site_name":"HG Consultant","article_modified_time":"2024-07-23T12:06:05+00:00","og_image":[{"width":253,"height":236,"url":"https:\/\/hgconsultant.com\/wp-content\/uploads\/2024\/07\/hg-logo.png","type":"image\/png"}],"twitter_card":"summary_large_image","twitter_misc":{"Est. reading time":"1 minute"},"schema":{"@context":"https:\/\/schema.org","@graph":[{"@type":"WebPage","@id":"https:\/\/hgconsultant.com\/iletisim\/","url":"https:\/\/hgconsultant.com\/iletisim\/","name":"\u0130leti\u015fim - HG Consultant","isPartOf":{"@id":"https:\/\/hgconsultant.com\/#website"},"primaryImageOfPage":{"@id":"https:\/\/hgconsultant.com\/iletisim\/#primaryimage"},"image":{"@id":"https:\/\/hgconsultant.com\/iletisim\/#primaryimage"},"thumbnailUrl":"https:\/\/hgconsultant.com\/wp-content\/uploads\/2024\/07\/hg-logo.png","datePublished":"2024-07-06T14:55:40+00:00","dateModified":"2024-07-23T12:06:05+00:00","description":"HG Consultant - info@hgconsultant.com","breadcrumb":{"@id":"https:\/\/hgconsultant.com\/iletisim\/#breadcrumb"},"inLanguage":"en-US","potentialAction":[{"@type":"ReadAction","target":["https:\/\/hgconsultant.com\/iletisim\/"]}]},{"@type":"ImageObject","inLanguage":"en-US","@id":"https:\/\/hgconsultant.com\/iletisim\/#primaryimage","url":"https:\/\/hgconsultant.com\/wp-content\/uploads\/2024\/07\/hg-logo.png","contentUrl":"https:\/\/hgconsultant.com\/wp-content\/uploads\/2024\/07\/hg-logo.png","width":253,"height":236},{"@type":"BreadcrumbList","@id":"https:\/\/hgconsultant.com\/iletisim\/#breadcrumb","itemListElement":[{"@type":"ListItem","position":1,"name":"Anasayfa","item":"https:\/\/hgconsultant.com\/"},{"@type":"ListItem","position":2,"name":"\u0130leti\u015fim"}]},{"@type":"WebSite","@id":"https:\/\/hgconsultant.com\/#website","url":"https:\/\/hgconsultant.com\/","name":"HG Consultant","description":"HG Consulting","publisher":{"@id":"https:\/\/hgconsultant.com\/#organization"},"potentialAction":[{"@type":"SearchAction","target":{"@type":"EntryPoint","urlTemplate":"https:\/\/hgconsultant.com\/?s={search_term_string}"},"query-input":"required name=search_term_string"}],"inLanguage":"en-US"},{"@type":"Organization","@id":"https:\/\/hgconsultant.com\/#organization","name":"HG Consultant","url":"https:\/\/hgconsultant.com\/","logo":{"@type":"ImageObject","inLanguage":"en-US","@id":"https:\/\/hgconsultant.com\/#\/schema\/logo\/image\/","url":"https:\/\/hgconsultant.com\/wp-content\/uploads\/2024\/07\/cropped-hg-logo.png","contentUrl":"https:\/\/hgconsultant.com\/wp-content\/uploads\/2024\/07\/cropped-hg-logo.png","width":512,"height":512,"caption":"HG Consultant"},"image":{"@id":"https:\/\/hgconsultant.com\/#\/schema\/logo\/image\/"}}]}},"jetpack_sharing_enabled":true,"_links":{"self":[{"href":"https:\/\/hgconsultant.com\/en\/wp-json\/wp\/v2\/pages\/200","targetHints":{"allow":["GET"]}}],"collection":[{"href":"https:\/\/hgconsultant.com\/en\/wp-json\/wp\/v2\/pages"}],"about":[{"href":"https:\/\/hgconsultant.com\/en\/wp-json\/wp\/v2\/types\/page"}],"author":[{"embeddable":true,"href":"https:\/\/hgconsultant.com\/en\/wp-json\/wp\/v2\/users\/1"}],"replies":[{"embeddable":true,"href":"https:\/\/hgconsultant.com\/en\/wp-json\/wp\/v2\/comments?post=200"}],"version-history":[{"count":121,"href":"https:\/\/hgconsultant.com\/en\/wp-json\/wp\/v2\/pages\/200\/revisions"}],"predecessor-version":[{"id":504,"href":"https:\/\/hgconsultant.com\/en\/wp-json\/wp\/v2\/pages\/200\/revisions\/504"}],"wp:featuredmedia":[{"embeddable":true,"href":"https:\/\/hgconsultant.com\/en\/wp-json\/wp\/v2\/media\/20"}],"wp:attachment":[{"href":"https:\/\/hgconsultant.com\/en\/wp-json\/wp\/v2\/media?parent=200"}],"curies":[{"name":"wp","href":"https:\/\/api.w.org\/{rel}","templated":true}]}}