{"id":162,"date":"2024-07-05T16:59:33","date_gmt":"2024-07-05T16:59:33","guid":{"rendered":"https:\/\/hgconsultant.com\/?page_id=162"},"modified":"2024-07-19T19:59:37","modified_gmt":"2024-07-19T19:59:37","slug":"ihracat-devlet-destek-programlari","status":"publish","type":"page","link":"https:\/\/hgconsultant.com\/en\/ihracat-devlet-destek-programlari\/","title":{"rendered":"\u0130hracat &amp; Devlet Destek Programlar\u0131"},"content":{"rendered":"<div class=\"wp-block-group eplus-wrapper is-layout-flow wp-block-group-is-layout-flow\">\n<head>\n  <meta charset=\"UTF-8\">\n  <meta name=\"viewport\" content=\"width=device-width, initial-scale=1.0\">\n  <script src=\"..\/js\/jquery-3.6.0.min.js\"><\/script>\n  <script src=\"https:\/\/cdn.jsdelivr.net\/npm\/bootstrap@5.2.3\/dist\/js\/bootstrap.bundle.min.js\"><\/script>\n  <link rel=\"stylesheet\" href=\"https:\/\/cdn.jsdelivr.net\/npm\/bootstrap@5.2.3\/dist\/css\/bootstrap.min.css\" \/>\n  <script src=\"https:\/\/cdnjs.cloudflare.com\/ajax\/libs\/gsap\/3.11.4\/gsap.min.js\"><\/script>\n  <script src=\"https:\/\/cdnjs.cloudflare.com\/ajax\/libs\/gsap\/3.3.4\/ScrollTrigger.min.js\"><\/script>\n<\/head>\n<body>\n<header class=\"header\">\n  <div class=\"overlay\"><\/div>\n  <div class=\"header-content container\">\n      <h1 class=\"header-title\">\n          <span class=\"down\">EXPORT &amp; GOVERNMENT SUPPORT PROGRAMS<\/span>\n      <\/h1>\n  <\/div>              \n<\/header>\n<div class=\"stack-area\">\n  <div class=\"left-card\">\n    <div class=\"title\">EXPORT &amp; GOVERNMENT SUPPORT PROGRAMS<\/div>\n    <div class=\"sub-title\">\n      <p>Consulting services are provided to our exporters regarding government support programs.\n      <br>\n      Some of these supports include:<\/p>\n    <\/div>\n  <\/div>\n  <div class=\"right-card\">\n    <div class=\"sust-cards\">\n      <div class=\"sust-card\">\n        <div class=\"content\">Participation Support for International Fairs<\/div>\n      <\/div>\n      <div class=\"sust-card\">\n        <div class=\"content\">Participation Support for Domestic Fairs<\/div>\n      <\/div>\n      <div class=\"sust-card\">\n        <div class=\"content\">Support for Overseas Units, Brand, and Promotion Activities<\/div>\n      <\/div>\n      <div class=\"sust-card\">\n        <div class=\"content\">Market Research and Market Entry Support<\/div>\n      <\/div>\n      <div class=\"sust-card\">\n        <div class=\"content\">Support for Overseas Business Trips<\/div>\n      <\/div>\n    <\/div>\n  <\/div>\n<\/div><script>\n  let cards = document.querySelectorAll(\".sust-card\");\n  let stackArea = document.querySelector(\".stack-area\");\n\n  function rotateCards() {\n    let angle = 0;\n    cards.forEach((card) => {\n      if (card.classList.contains(\"active\")) {\n        card.style.transform = `translate(-50%, -120vh) rotate(-48deg)`;\n      } else {\n        card.style.transform = `translate(-50%, -50%) rotate(${angle}deg)`;\n        angle = angle - 10;\n      }\n    });\n  }\n\n  rotateCards();\n\n  window.addEventListener(\"scroll\", () => {\n    let proportion =\n      stackArea.getBoundingClientRect().top \/ window.innerHeight;\n    if (proportion <= 0) {\n      let n = cards.length;\n      let index = Math.ceil((proportion * n) \/ 2);\n      index = Math.abs(index) - 1;\n      for (let i = 0; i < n; i++) {\n        if (i <= index) {\n          cards[i].classList.add(\"active\");\n        } else {\n          cards[i].classList.remove(\"active\");\n        }\n      }\n      rotateCards();\n    }\n  });\n<\/script>\n<style>\n  .center-card {\n    width: 100%;\n    height: fit-content;\n    display: flex;\n    align-items: center;\n    justify-content: center;\n    flex-direction: column;\n    margin: 0;\n    padding: 0;\n  }\n  .stack-area {\n    width: 100%;\n    height: 300vh;\n    position: relative;\n    display: flex;\n    justify-content: center;\n  }\n  .right-card,\n  .left-card {\n    height: 100vh;\n    display: flex;\n    align-items: center;\n    justify-content: center;\n    position: sticky;\n    top: 0;\n    box-sizing: border-box;\n    flex-basis: 50%;\n  }\n  .sust-cards {\n    width: 100%;\n    height: 100%;\n    position: relative;\n  }\n  .sust-card {\nbackground-position: center;\n  background-size: cover;\ncolor: white;\n    width: 350px;\n    height: 350px;\n    box-sizing: border-box;\n    padding: 35px;\n    border-radius: 6mm;\n    display: flex;\n    justify-content: center;\nalign-items: center;\n    flex-direction: column;\n    position: absolute;\n    top: 50%;\n    left: 50%;\n    transition: 0.5s ease-in-out;\n  }\n  .sust-card:nth-child(1) {\n    background-image: url(https:\/\/hgconsultant.com\/wp-content\/uploads\/2024\/07\/tradeshow-3.webp);\n    z-index: 5;\n  }\n  .sust-card:nth-child(2) {\n    background-image: url(https:\/\/hgconsultant.com\/wp-content\/uploads\/2024\/07\/tradeshow-2.jpg);\n    z-index: 4;\n  }\n  .sust-card:nth-child(3) {\n    background-image: url(https:\/\/hgconsultant.com\/wp-content\/uploads\/2024\/07\/yurt-disi-marka.jpg);\n    z-index: 3;\n  }\n  .sust-card:nth-child(4) {\n    background-image: url(https:\/\/hgconsultant.com\/wp-content\/uploads\/2024\/07\/img-searching-market.jpg);\n    z-index: 2;\n  }\n  .sust-card:nth-child(5) {\n    background-image: url(https:\/\/hgconsultant.com\/wp-content\/uploads\/2024\/07\/img-trip.jpg);\n    z-index: 1;\n  }\n  .content {    backdrop-filter: blur(5px);\n    right: 0;\n    left: 0;\n    position: absolute;\n    bottom: 0;\n    border-radius: 0 0 25px 25px;\n    padding: 20px;\n    background-color: #0000007d;\n    font-family: poppins;\n    font-size: large;\n    font-weight: 700;\n  }\n  .sust-card.active {\n    transform-origin: bottom left;\n  }\n  .left-card {\n    padding: 50px;\n    align-items: center;\n    flex-direction: column;\n  }\n  .title {\n    max-width: 420px;\n    font-size: 70px;\n    font-family: poppins;\n    font-weight: 700;\n    line-height: 70px;\n  }\n  .sub-title {\n    max-width: 420px;\n    font-family: poppins;\n    margin-top: 30px;\n  }\n  .sub-title button {\n    font-family: poppins;\n    font-size: 14px;\n    padding: 15px 30px;\n    background: black;\n    color: white;\n    border-radius: 8mm;\n    border: none;\n    outline: none;\n    cursor: pointer;\n    margin-top: 20px;\n  }\n  .top,\n  .bottom {\n    width: 100%;\n    height: 100vh;\n    font-family: poppins;\n    font-size: 70px;\n    display: flex;\n    align-items: center;\n    justify-content: center;\n  }\n<\/style>\n<style>\n  .header {\n    position: relative;\n    height: 90vh;\n    min-height: 600px;\n    display: -webkit-box;\n    display: -ms-flexbox;\n    display: -webkit-flex;\n    display: flex;\n    -webkit-box-align: center;\n    -webkit-align-items: center;\n        -ms-flex-align: center;\n            align-items: center;\n    -webkit-box-pack: center;\n    -webkit-justify-content: center;\n        -ms-flex-pack: center;\n            justify-content: center;\n    background-image: url(..\/images\/header.jpg);\n    background-size: cover;\n    background-repeat: no-repeat;\n    background-position: center center;\n  }\n  \n  .header .overlay {\n    position: absolute;\n    top: 0;\n    left: 0;\n    width: 100%;\n    height: 100%;\n    background-image: -webkit-linear-gradient(bottom, #fff 0%, rgba(105, 90, 166, 0.35) 99%, rgba(105, 90, 166, 0.5) 100%);\n    background-image: linear-gradient(to top, #fff 0%, rgba(105, 90, 166, 0.35) 99%, rgba(105, 90, 166, 0.5) 100%);\n  }\n  \n  .header .header-content {\n    -webkit-box-flex: 1;\n    -webkit-flex-grow: 1;\n        -ms-flex-positive: 1;\n            flex-grow: 1;\n  }\n  \n  .header .header-content .header-title .up {\n    font-size: calc(30px + (60 - 30) * ((100vw - 300px) \/ (1300 - 300)));\n    font-weight: 500;\n    color: #444;\n    margin-bottom: 5px;\n    position: relative;\n    display: block;\n  }\n  \n  .header .header-content .header-title .down {\n  text-align: center;\n    font-size: calc(30px + (75 - 30) * ((100vw - 300px) \/ (1300 - 300)));\n    margin-bottom: 0;\n    position: relative;\n    display: block;\n  }\n  \n  .header .header-content .header-subtitle {\n    font-size: calc(10px + (22 - 10) * ((100vw - 300px) \/ (1300 - 300)));\n    letter-spacing: calc(1px + (7 - 1) * ((100vw - 300px) \/ (1300 - 300)));\n    opacity: .8;\n    margin-top: -10px;\n    margin-bottom: 20px;\n  }\n  \n  \n  .header-title {\n    font-size: 2.4rem;\n    font-weight: bold;\n    opacity: .8;\n    color: #212529;\n  }\n  \n  @media (max-width: 991.98px) {\n    .header {\n      background-size: cover;\n    }\n  }\n\n* {\nbox-sizing: border-box;\nmargin: 0;\npadding: 0;\n}\n\nheader,\nmain {\nwidth: 100vw;\nmargin: 0 auto;\n}\n\nheader {\nheight: 100vh;\ndisplay: grid;\nplace-items: center;\n}\n@media screen and (max-width:900px){\n.content{font-size:20px;line-height:20px;}\n.title {\n  max-width: 420px;\n  font-size: 45px;\n  font-weight: 700;\n  line-height: 50px;\n}\n.left-card {\n  height: 50svh;\n}\n.sub-title{font-size:12px;}\n.right-card {\n  padding-top: 275px;\n}.left-card {\n  top: 70px !important;}\n.right-card, .left-card {\n  top: 20px;\n  flex-direction: column !important;\njustify-content:flex-start;\n  flex-basis: inherit !important;\n\n}\n.center-card {\n  position: sticky;\n  justify-content: flex-start;\n}\n.stack-area {\n  justify-content: start;\n  flex-direction: column;\n}.sust-card {\n  width: 300px;\n  height: 300px;}\n}\n@media screen and (max-width:450px){\n  .sust-card {\n  width: 250px;\n  height: 250px;}\n}\n<\/style>\n<\/body>\n<\/div>","protected":false},"excerpt":{"rendered":"<p>\u0130hracat &#038; Devlet Destek Programlar\u0131 \u0130hracat &#038; Devlet Destek Programlar\u0131 Devlet destekleri hakk\u0131nda ihracat\u00e7\u0131lar\u0131m\u0131za dan\u0131\u015fmanl\u0131k hizmeti verilmektedir. Bu desteklerden baz\u0131lar\u0131 yandaki gibidir&#8230; Yurtd\u0131\u015f\u0131 Fuarlara Kat\u0131l\u0131m Deste\u011fi Yurti\u00e7i Fuarlara Kat\u0131l\u0131m Deste\u011fi Yurtd\u0131\u015f\u0131 birim, marka ve tan\u0131t\u0131m faaliyetlerinin desteklenmesi Pazar ara\u015ft\u0131rmas\u0131 ve pazara giri\u015f deste\u011fi Yurtd\u0131\u015f\u0131 i\u015f gezisi destekleri<\/p>","protected":false},"author":1,"featured_media":0,"parent":0,"menu_order":0,"comment_status":"closed","ping_status":"closed","template":"sayfalar2","meta":{"editor_plus_copied_stylings":"{}","footnotes":""},"class_list":["post-162","page","type-page","status-publish","hentry"],"yoast_head":"<!-- This site is optimized with the Yoast SEO plugin v23.0 - https:\/\/yoast.com\/wordpress\/plugins\/seo\/ -->\n<title>\u0130hracat &amp; Devlet Destek Programlar\u0131 - HG Consultant<\/title>\n<meta name=\"description\" content=\"Devlet destekleri hakk\u0131nda ihracat\u00e7\u0131lar\u0131m\u0131za dan\u0131\u015fmanl\u0131k hizmeti verilmektedir.\" \/>\n<meta name=\"robots\" content=\"index, follow, max-snippet:-1, max-image-preview:large, max-video-preview:-1\" \/>\n<link rel=\"canonical\" href=\"https:\/\/hgconsultant.com\/en\/ihracat-devlet-destek-programlari\/\" \/>\n<meta property=\"og:locale\" content=\"en_US\" \/>\n<meta property=\"og:type\" content=\"article\" \/>\n<meta property=\"og:title\" content=\"\u0130hracat &amp; Devlet Destek Programlar\u0131 - HG Consultant\" \/>\n<meta property=\"og:description\" content=\"Devlet destekleri hakk\u0131nda ihracat\u00e7\u0131lar\u0131m\u0131za dan\u0131\u015fmanl\u0131k hizmeti verilmektedir.\" \/>\n<meta property=\"og:url\" content=\"https:\/\/hgconsultant.com\/en\/ihracat-devlet-destek-programlari\/\" \/>\n<meta property=\"og:site_name\" content=\"HG Consultant\" \/>\n<meta property=\"article:modified_time\" content=\"2024-07-19T19:59:37+00:00\" \/>\n<meta name=\"twitter:card\" content=\"summary_large_image\" \/>\n<meta name=\"twitter:label1\" content=\"Est. reading time\" \/>\n\t<meta name=\"twitter:data1\" content=\"1 minute\" \/>\n<script type=\"application\/ld+json\" class=\"yoast-schema-graph\">{\"@context\":\"https:\/\/schema.org\",\"@graph\":[{\"@type\":\"WebPage\",\"@id\":\"https:\/\/hgconsultant.com\/ihracat-devlet-destek-programlari\/\",\"url\":\"https:\/\/hgconsultant.com\/ihracat-devlet-destek-programlari\/\",\"name\":\"\u0130hracat &amp; Devlet Destek Programlar\u0131 - HG Consultant\",\"isPartOf\":{\"@id\":\"https:\/\/hgconsultant.com\/#website\"},\"datePublished\":\"2024-07-05T16:59:33+00:00\",\"dateModified\":\"2024-07-19T19:59:37+00:00\",\"description\":\"Devlet destekleri hakk\u0131nda ihracat\u00e7\u0131lar\u0131m\u0131za dan\u0131\u015fmanl\u0131k hizmeti verilmektedir.\",\"breadcrumb\":{\"@id\":\"https:\/\/hgconsultant.com\/ihracat-devlet-destek-programlari\/#breadcrumb\"},\"inLanguage\":\"en-US\",\"potentialAction\":[{\"@type\":\"ReadAction\",\"target\":[\"https:\/\/hgconsultant.com\/ihracat-devlet-destek-programlari\/\"]}]},{\"@type\":\"BreadcrumbList\",\"@id\":\"https:\/\/hgconsultant.com\/ihracat-devlet-destek-programlari\/#breadcrumb\",\"itemListElement\":[{\"@type\":\"ListItem\",\"position\":1,\"name\":\"Anasayfa\",\"item\":\"https:\/\/hgconsultant.com\/\"},{\"@type\":\"ListItem\",\"position\":2,\"name\":\"\u0130hracat &amp; Devlet Destek Programlar\u0131\"}]},{\"@type\":\"WebSite\",\"@id\":\"https:\/\/hgconsultant.com\/#website\",\"url\":\"https:\/\/hgconsultant.com\/\",\"name\":\"HG Consultant\",\"description\":\"HG Consulting\",\"publisher\":{\"@id\":\"https:\/\/hgconsultant.com\/#organization\"},\"potentialAction\":[{\"@type\":\"SearchAction\",\"target\":{\"@type\":\"EntryPoint\",\"urlTemplate\":\"https:\/\/hgconsultant.com\/?s={search_term_string}\"},\"query-input\":\"required name=search_term_string\"}],\"inLanguage\":\"en-US\"},{\"@type\":\"Organization\",\"@id\":\"https:\/\/hgconsultant.com\/#organization\",\"name\":\"HG Consultant\",\"url\":\"https:\/\/hgconsultant.com\/\",\"logo\":{\"@type\":\"ImageObject\",\"inLanguage\":\"en-US\",\"@id\":\"https:\/\/hgconsultant.com\/#\/schema\/logo\/image\/\",\"url\":\"https:\/\/hgconsultant.com\/wp-content\/uploads\/2024\/07\/cropped-hg-logo.png\",\"contentUrl\":\"https:\/\/hgconsultant.com\/wp-content\/uploads\/2024\/07\/cropped-hg-logo.png\",\"width\":512,\"height\":512,\"caption\":\"HG Consultant\"},\"image\":{\"@id\":\"https:\/\/hgconsultant.com\/#\/schema\/logo\/image\/\"}}]}<\/script>\n<!-- \/ Yoast SEO plugin. -->","yoast_head_json":{"title":"\u0130hracat &amp; Devlet Destek Programlar\u0131 - HG Consultant","description":"Devlet destekleri hakk\u0131nda ihracat\u00e7\u0131lar\u0131m\u0131za dan\u0131\u015fmanl\u0131k hizmeti verilmektedir.","robots":{"index":"index","follow":"follow","max-snippet":"max-snippet:-1","max-image-preview":"max-image-preview:large","max-video-preview":"max-video-preview:-1"},"canonical":"https:\/\/hgconsultant.com\/en\/ihracat-devlet-destek-programlari\/","og_locale":"en_US","og_type":"article","og_title":"\u0130hracat &amp; Devlet Destek Programlar\u0131 - HG Consultant","og_description":"Devlet destekleri hakk\u0131nda ihracat\u00e7\u0131lar\u0131m\u0131za dan\u0131\u015fmanl\u0131k hizmeti verilmektedir.","og_url":"https:\/\/hgconsultant.com\/en\/ihracat-devlet-destek-programlari\/","og_site_name":"HG Consultant","article_modified_time":"2024-07-19T19:59:37+00:00","twitter_card":"summary_large_image","twitter_misc":{"Est. reading time":"1 minute"},"schema":{"@context":"https:\/\/schema.org","@graph":[{"@type":"WebPage","@id":"https:\/\/hgconsultant.com\/ihracat-devlet-destek-programlari\/","url":"https:\/\/hgconsultant.com\/ihracat-devlet-destek-programlari\/","name":"\u0130hracat &amp; Devlet Destek Programlar\u0131 - HG Consultant","isPartOf":{"@id":"https:\/\/hgconsultant.com\/#website"},"datePublished":"2024-07-05T16:59:33+00:00","dateModified":"2024-07-19T19:59:37+00:00","description":"Devlet destekleri hakk\u0131nda ihracat\u00e7\u0131lar\u0131m\u0131za dan\u0131\u015fmanl\u0131k hizmeti verilmektedir.","breadcrumb":{"@id":"https:\/\/hgconsultant.com\/ihracat-devlet-destek-programlari\/#breadcrumb"},"inLanguage":"en-US","potentialAction":[{"@type":"ReadAction","target":["https:\/\/hgconsultant.com\/ihracat-devlet-destek-programlari\/"]}]},{"@type":"BreadcrumbList","@id":"https:\/\/hgconsultant.com\/ihracat-devlet-destek-programlari\/#breadcrumb","itemListElement":[{"@type":"ListItem","position":1,"name":"Anasayfa","item":"https:\/\/hgconsultant.com\/"},{"@type":"ListItem","position":2,"name":"\u0130hracat &amp; Devlet Destek Programlar\u0131"}]},{"@type":"WebSite","@id":"https:\/\/hgconsultant.com\/#website","url":"https:\/\/hgconsultant.com\/","name":"HG Consultant","description":"HG Consulting","publisher":{"@id":"https:\/\/hgconsultant.com\/#organization"},"potentialAction":[{"@type":"SearchAction","target":{"@type":"EntryPoint","urlTemplate":"https:\/\/hgconsultant.com\/?s={search_term_string}"},"query-input":"required name=search_term_string"}],"inLanguage":"en-US"},{"@type":"Organization","@id":"https:\/\/hgconsultant.com\/#organization","name":"HG Consultant","url":"https:\/\/hgconsultant.com\/","logo":{"@type":"ImageObject","inLanguage":"en-US","@id":"https:\/\/hgconsultant.com\/#\/schema\/logo\/image\/","url":"https:\/\/hgconsultant.com\/wp-content\/uploads\/2024\/07\/cropped-hg-logo.png","contentUrl":"https:\/\/hgconsultant.com\/wp-content\/uploads\/2024\/07\/cropped-hg-logo.png","width":512,"height":512,"caption":"HG Consultant"},"image":{"@id":"https:\/\/hgconsultant.com\/#\/schema\/logo\/image\/"}}]}},"jetpack_sharing_enabled":true,"_links":{"self":[{"href":"https:\/\/hgconsultant.com\/en\/wp-json\/wp\/v2\/pages\/162","targetHints":{"allow":["GET"]}}],"collection":[{"href":"https:\/\/hgconsultant.com\/en\/wp-json\/wp\/v2\/pages"}],"about":[{"href":"https:\/\/hgconsultant.com\/en\/wp-json\/wp\/v2\/types\/page"}],"author":[{"embeddable":true,"href":"https:\/\/hgconsultant.com\/en\/wp-json\/wp\/v2\/users\/1"}],"replies":[{"embeddable":true,"href":"https:\/\/hgconsultant.com\/en\/wp-json\/wp\/v2\/comments?post=162"}],"version-history":[{"count":36,"href":"https:\/\/hgconsultant.com\/en\/wp-json\/wp\/v2\/pages\/162\/revisions"}],"predecessor-version":[{"id":514,"href":"https:\/\/hgconsultant.com\/en\/wp-json\/wp\/v2\/pages\/162\/revisions\/514"}],"wp:attachment":[{"href":"https:\/\/hgconsultant.com\/en\/wp-json\/wp\/v2\/media?parent=162"}],"curies":[{"name":"wp","href":"https:\/\/api.w.org\/{rel}","templated":true}]}}